{"id":978,"date":"2016-07-29T12:11:55","date_gmt":"2016-07-29T10:11:55","guid":{"rendered":"https:\/\/hotellife.clienti4.editatest.com\/home\/"},"modified":"2018-01-09T11:43:03","modified_gmt":"2018-01-09T10:43:03","slug":"home","status":"publish","type":"page","link":"https:\/\/hotellife.clienti4.editatest.com\/fr\/","title":{"rendered":"Rimini est le symbole de la mer du bleu, du sable fin et dor\u00e9."},"content":{"rendered":"<p>Rimini est aussi synonyme de divertissement, \u00e7a c\u2019est s\u00fbr. Mais Viserbella est une zone particuli\u00e8rement tranquille, \u00e0 deux pas de tout ce qui est color\u00e9, vif et plaisant et de ce qu\u2019offre donc notre ville.<\/p>\n<p><strong>Des vacances \u00e0 la mer dans l\u2019h\u00f4tel Life sont v\u00e9cues pleinement: <\/strong>nous donnons justement sur l\u2019horizon, directement sur le bleu de la mer Adriatique. Regarder vers l\u2019infini est d\u00e9j\u00e0, en soi, quelque chose de merveilleux et d\u2019enchanteur.<\/p>\n","protected":false},"excerpt":{"rendered":"<p>Rimini est aussi synonyme de divertissement, \u00e7a c\u2019est s\u00fbr. Mais Viserbella est une zone particuli\u00e8rement tranquille, \u00e0 deux pas de tout ce qui est color\u00e9, vif et plaisant et de ce qu\u2019offre donc notre ville. Des vacances \u00e0 la mer dans l\u2019h\u00f4tel Life sont v\u00e9cues pleinement: nous donnons justement sur l\u2019horizon, directement sur le bleu de la mer Adriatique. Regarder vers l\u2019infini est d\u00e9j\u00e0, en soi, quelque chose de merveilleux &#8230;<\/p>\n","protected":false},"author":1,"featured_media":204,"parent":0,"menu_order":0,"comment_status":"closed","ping_status":"closed","template":"","meta":[],"acf":[],"_links":{"self":[{"href":"https:\/\/hotellife.clienti4.editatest.com\/fr\/wp-json\/wp\/v2\/pages\/978\/"}],"collection":[{"href":"https:\/\/hotellife.clienti4.editatest.com\/fr\/wp-json\/wp\/v2\/pages\/"}],"about":[{"href":"https:\/\/hotellife.clienti4.editatest.com\/fr\/wp-json\/wp\/v2\/types\/page\/"}],"author":[{"embeddable":true,"href":"https:\/\/hotellife.clienti4.editatest.com\/fr\/wp-json\/wp\/v2\/users\/1\/"}],"replies":[{"embeddable":true,"href":"https:\/\/hotellife.clienti4.editatest.com\/fr\/wp-json\/wp\/v2\/comments\/?post=978"}],"version-history":[{"count":0,"href":"https:\/\/hotellife.clienti4.editatest.com\/fr\/wp-json\/wp\/v2\/pages\/978\/revisions\/"}],"wp:featuredmedia":[{"embeddable":true,"href":"https:\/\/hotellife.clienti4.editatest.com\/fr\/wp-json\/wp\/v2\/media\/204\/"}],"wp:attachment":[{"href":"https:\/\/hotellife.clienti4.editatest.com\/fr\/wp-json\/wp\/v2\/media\/?parent=978"}],"curies":[{"name":"wp","href":"https:\/\/api.w.org\/{rel}","templated":true}]}}