{"id":961,"date":"2017-10-26T12:17:54","date_gmt":"2017-10-26T10:17:54","guid":{"rendered":"https:\/\/hotellife.clienti4.editatest.com\/percorsi-difficolta\/"},"modified":"2018-01-09T14:32:59","modified_gmt":"2018-01-09T13:32:59","slug":"parcours-et-difficultes","status":"publish","type":"page","link":"https:\/\/hotellife.clienti4.editatest.com\/fr\/parcours-et-difficultes\/","title":{"rendered":"Nous pouvons vous conseiller des parcours diff\u00e9rents les uns des autres"},"content":{"rendered":"<p>par leur longueur et leur difficult\u00e9 et nous pouvons vous raconter ce que vous pourrez trouver comme beaut\u00e9s parmi les sentiers de notre territoire. <strong>Des panoramas enchanteurs, des paysages incroyables: <\/strong>nous vivons dans un endroit magnifique o\u00f9 les Apennins se dressent doucement sur la mer; o\u00f9 l\u2019horizon est infini et les collines vertes grouillent d\u2019oliviers. Les ch\u00e2teaux sont des constellations d\u2019histoire \u00e0 vivre en v\u00e9lo aussi, en parcourant des chemins qui s\u2019\u00e9mergent, par exemple, dans la Valconca et dans la Valmarecchia.<\/p>\n<div id='gallery-1' class='gallery galleryid-961  gallery-size-medium'><div class='owl-carousel owl-carousel-multiple-carousel-style'\n\t\t\t\t\t\t\tdata-owl-navigation='true'\n\t\t\t\t\t\t\tdata-owl-slide-speed='300'\n\t\t\t\t\t\t\tdata-owl-autoplay='false'\n\t\t\t\t\t\t\tdata-owl-pagination='false'\n\t\t\t\t\t\t\tdata-owl-pagination-speed='300'\n\t\t\t\t\t\t\tdata-owl-items-xs='1'data-owl-items-sm='2'data-owl-items-md='3'data-owl-items-lg='3'data-owl-items-xl='3'\n\t\t\t\t\t\t><figure class='gallery-item'>\n\t\t\t\t<div class='gallery-icon landscape'>\n\t\t\t\t\t<a href='https:\/\/hotellife.clienti4.editatest.com\/wp-content\/uploads\/2017\/10\/Gallery-percorsi-03Hotel-Life-1.jpg' data-size=\"800x533\"><img width=\"640\" height=\"420\" src=\"https:\/\/hotellife.clienti4.editatest.com\/wp-content\/uploads\/2017\/10\/Gallery-percorsi-03Hotel-Life-1-640x420.jpg\" class=\"attachment-medium size-medium\" alt=\"Percorsi ciclismo Hotel Rimini\" loading=\"lazy\" \/><\/a>\n\t\t\t\t<\/div><\/figure><figure class='gallery-item'>\n\t\t\t\t<div class='gallery-icon landscape'>\n\t\t\t\t\t<a href='https:\/\/hotellife.clienti4.editatest.com\/wp-content\/uploads\/2017\/10\/Gallery-percorsi-02Hotel-Life-1.jpg' data-size=\"800x533\"><img width=\"640\" height=\"420\" src=\"https:\/\/hotellife.clienti4.editatest.com\/wp-content\/uploads\/2017\/10\/Gallery-percorsi-02Hotel-Life-1-640x420.jpg\" class=\"attachment-medium size-medium\" alt=\"Percorsi Ciclisti Hotel Romagna\" loading=\"lazy\" \/><\/a>\n\t\t\t\t<\/div><\/figure><figure class='gallery-item'>\n\t\t\t\t<div class='gallery-icon landscape'>\n\t\t\t\t\t<a href='https:\/\/hotellife.clienti4.editatest.com\/wp-content\/uploads\/2017\/10\/contenutisito_138_533.jpg' data-size=\"800x532\"><img width=\"640\" height=\"420\" src=\"https:\/\/hotellife.clienti4.editatest.com\/wp-content\/uploads\/2017\/10\/contenutisito_138_533-640x420.jpg\" class=\"attachment-medium size-medium\" alt=\"Bike Hotel Viserbella di Rimini\" loading=\"lazy\" \/><\/a>\n\t\t\t\t<\/div><\/figure>\n\t\t\t<\/div>\n<\/div>\n\n","protected":false},"excerpt":{"rendered":"<p>par leur longueur et leur difficult\u00e9 et nous pouvons vous raconter ce que vous pourrez trouver comme beaut\u00e9s parmi les sentiers de notre territoire. Des panoramas enchanteurs, des paysages incroyables: nous vivons dans un endroit magnifique o\u00f9 les Apennins se dressent doucement sur la mer; o\u00f9 l\u2019horizon est infini et les collines vertes grouillent d\u2019oliviers. Les ch\u00e2teaux sont des constellations d\u2019histoire \u00e0 vivre en v\u00e9lo aussi, en parcourant des chemins &#8230;<\/p>\n","protected":false},"author":1,"featured_media":0,"parent":0,"menu_order":0,"comment_status":"closed","ping_status":"closed","template":"","meta":[],"acf":[],"_links":{"self":[{"href":"https:\/\/hotellife.clienti4.editatest.com\/fr\/wp-json\/wp\/v2\/pages\/961\/"}],"collection":[{"href":"https:\/\/hotellife.clienti4.editatest.com\/fr\/wp-json\/wp\/v2\/pages\/"}],"about":[{"href":"https:\/\/hotellife.clienti4.editatest.com\/fr\/wp-json\/wp\/v2\/types\/page\/"}],"author":[{"embeddable":true,"href":"https:\/\/hotellife.clienti4.editatest.com\/fr\/wp-json\/wp\/v2\/users\/1\/"}],"replies":[{"embeddable":true,"href":"https:\/\/hotellife.clienti4.editatest.com\/fr\/wp-json\/wp\/v2\/comments\/?post=961"}],"version-history":[{"count":0,"href":"https:\/\/hotellife.clienti4.editatest.com\/fr\/wp-json\/wp\/v2\/pages\/961\/revisions\/"}],"wp:attachment":[{"href":"https:\/\/hotellife.clienti4.editatest.com\/fr\/wp-json\/wp\/v2\/media\/?parent=961"}],"curies":[{"name":"wp","href":"https:\/\/api.w.org\/{rel}","templated":true}]}}