{"id":955,"date":"2017-10-26T12:17:40","date_gmt":"2017-10-26T10:17:40","guid":{"rendered":"https:\/\/hotellife.clienti4.editatest.com\/noleggio\/"},"modified":"2018-01-09T14:34:02","modified_gmt":"2018-01-09T13:34:02","slug":"location","status":"publish","type":"page","link":"https:\/\/hotellife.clienti4.editatest.com\/fr\/location\/","title":{"rendered":"Viens chez nous sans te soucier de rien, c\u2019est \u201cnatural style\u201d \u00e0 l\u2019h\u00f4tel Life!"},"content":{"rendered":"<p>Tu es \u00e0 tes premi\u00e8res armes et tu n\u2019as pas de v\u00e9lo professionnel avec toi en vacances? Tu veux tenter de rejoindre un groupe de cyclistes qui part demain pour une excursion simple? Tu n\u2019as pas pu emmener avec toi ton v\u00e9lo? Ne t\u2019inqui\u00e8te pas, nous sommes un v\u00e9ritable Bike H\u00f4tel, et nous savons o\u00f9 louer des v\u00e9los de qualit\u00e9.<strong> Tu pourras vivre ton exp\u00e9rience sur des chemins de notre Rimini avec un v\u00e9lo de location.<\/strong><\/p>\n<div id='gallery-1' class='gallery galleryid-955  gallery-size-medium'><div class='owl-carousel owl-carousel-multiple-carousel-style'\n\t\t\t\t\t\t\tdata-owl-navigation='true'\n\t\t\t\t\t\t\tdata-owl-slide-speed='300'\n\t\t\t\t\t\t\tdata-owl-autoplay='false'\n\t\t\t\t\t\t\tdata-owl-pagination='false'\n\t\t\t\t\t\t\tdata-owl-pagination-speed='300'\n\t\t\t\t\t\t\tdata-owl-items-xs='1'data-owl-items-sm='2'data-owl-items-md='3'data-owl-items-lg='3'data-owl-items-xl='3'\n\t\t\t\t\t\t><figure class='gallery-item'>\n\t\t\t\t<div class='gallery-icon landscape'>\n\t\t\t\t\t<a href='https:\/\/hotellife.clienti4.editatest.com\/wp-content\/uploads\/2017\/10\/contenutisito_32_116.jpg' data-size=\"800x533\"><img width=\"640\" height=\"420\" src=\"https:\/\/hotellife.clienti4.editatest.com\/wp-content\/uploads\/2017\/10\/contenutisito_32_116-640x420.jpg\" class=\"attachment-medium size-medium\" alt=\"Officina Hotel Bici Rimini\" loading=\"lazy\" \/><\/a>\n\t\t\t\t<\/div><\/figure><figure class='gallery-item'>\n\t\t\t\t<div class='gallery-icon landscape'>\n\t\t\t\t\t<a href='https:\/\/hotellife.clienti4.editatest.com\/wp-content\/uploads\/2017\/10\/Gallery-noleggio-2-Hotel-Life.jpg' data-size=\"800x533\"><img width=\"640\" height=\"420\" src=\"https:\/\/hotellife.clienti4.editatest.com\/wp-content\/uploads\/2017\/10\/Gallery-noleggio-2-Hotel-Life-640x420.jpg\" class=\"attachment-medium size-medium\" alt=\"Noleggio Bici Hotel Rimini ciclisti\" loading=\"lazy\" \/><\/a>\n\t\t\t\t<\/div><\/figure><figure class='gallery-item'>\n\t\t\t\t<div class='gallery-icon landscape'>\n\t\t\t\t\t<a href='https:\/\/hotellife.clienti4.editatest.com\/wp-content\/uploads\/2017\/10\/Gallery-noleggio-3-Hotel-Life.jpg' data-size=\"800x533\"><img width=\"640\" height=\"420\" src=\"https:\/\/hotellife.clienti4.editatest.com\/wp-content\/uploads\/2017\/10\/Gallery-noleggio-3-Hotel-Life-640x420.jpg\" class=\"attachment-medium size-medium\" alt=\"Noleggio Bici in Hotel per ciclisti\" loading=\"lazy\" \/><\/a>\n\t\t\t\t<\/div><\/figure>\n\t\t\t<\/div>\n<\/div>\n\n","protected":false},"excerpt":{"rendered":"<p>Tu es \u00e0 tes premi\u00e8res armes et tu n\u2019as pas de v\u00e9lo professionnel avec toi en vacances? Tu veux tenter de rejoindre un groupe de cyclistes qui part demain pour une excursion simple? Tu n\u2019as pas pu emmener avec toi ton v\u00e9lo? Ne t\u2019inqui\u00e8te pas, nous sommes un v\u00e9ritable Bike H\u00f4tel, et nous savons o\u00f9 louer des v\u00e9los de qualit\u00e9. Tu pourras vivre ton exp\u00e9rience sur des chemins de notre &#8230;<\/p>\n","protected":false},"author":1,"featured_media":0,"parent":0,"menu_order":0,"comment_status":"closed","ping_status":"closed","template":"","meta":[],"acf":[],"_links":{"self":[{"href":"https:\/\/hotellife.clienti4.editatest.com\/fr\/wp-json\/wp\/v2\/pages\/955\/"}],"collection":[{"href":"https:\/\/hotellife.clienti4.editatest.com\/fr\/wp-json\/wp\/v2\/pages\/"}],"about":[{"href":"https:\/\/hotellife.clienti4.editatest.com\/fr\/wp-json\/wp\/v2\/types\/page\/"}],"author":[{"embeddable":true,"href":"https:\/\/hotellife.clienti4.editatest.com\/fr\/wp-json\/wp\/v2\/users\/1\/"}],"replies":[{"embeddable":true,"href":"https:\/\/hotellife.clienti4.editatest.com\/fr\/wp-json\/wp\/v2\/comments\/?post=955"}],"version-history":[{"count":0,"href":"https:\/\/hotellife.clienti4.editatest.com\/fr\/wp-json\/wp\/v2\/pages\/955\/revisions\/"}],"wp:attachment":[{"href":"https:\/\/hotellife.clienti4.editatest.com\/fr\/wp-json\/wp\/v2\/media\/?parent=955"}],"curies":[{"name":"wp","href":"https:\/\/api.w.org\/{rel}","templated":true}]}}