{"id":949,"date":"2017-10-26T12:17:24","date_gmt":"2017-10-26T10:17:24","guid":{"rendered":"https:\/\/hotellife.clienti4.editatest.com\/accompagnatori\/"},"modified":"2018-01-09T14:35:12","modified_gmt":"2018-01-09T13:35:12","slug":"accompagnants","status":"publish","type":"page","link":"https:\/\/hotellife.clienti4.editatest.com\/fr\/accompagnants\/","title":{"rendered":"Celui qui pendant les vacances accompagne un cycliste le sait il a du temps libre!"},"content":{"rendered":"<p><strong>Et nous \u00e0 l\u2019h\u00f4tel Life on prend soin de tout le monde, <\/strong>de ceux qui font des excursions en v\u00e9lo et de ceux qui restent les attendre. Nous pouvons mettre \u00e0 disposition tous nos services,<br \/>\ncomme le centre de bien \u00eatre Maisha, avec des parcours \u00e9tudi\u00e9s pour toi et des massages sp\u00e9ciaux ou on peut te faire vivre la plage au mieux. Nous pouvons aussi vous indiquer o\u00f9, comment et quand faire le plus merveilleux des shoppings dans les rues du centre-ville ou vous conseiller des itin\u00e9raires \u00e0 la d\u00e9couverte de Rimini et de Fellini, de la Rimini de la Rome antique, ou\u00a0 simplement vous indiquer les endroits les plus suggestifs \u00e0 visiter dans les alentours.<\/p>\n<div id='gallery-1' class='gallery galleryid-949  gallery-size-medium'><div class='owl-carousel owl-carousel-multiple-carousel-style'\n\t\t\t\t\t\t\tdata-owl-navigation='true'\n\t\t\t\t\t\t\tdata-owl-slide-speed='300'\n\t\t\t\t\t\t\tdata-owl-autoplay='false'\n\t\t\t\t\t\t\tdata-owl-pagination='false'\n\t\t\t\t\t\t\tdata-owl-pagination-speed='300'\n\t\t\t\t\t\t\tdata-owl-items-xs='1'data-owl-items-sm='2'data-owl-items-md='3'data-owl-items-lg='3'data-owl-items-xl='3'\n\t\t\t\t\t\t><figure class='gallery-item'>\n\t\t\t\t<div class='gallery-icon landscape'>\n\t\t\t\t\t<a href='https:\/\/hotellife.clienti4.editatest.com\/wp-content\/uploads\/2017\/10\/contenutisito_38_122.jpg' data-size=\"800x533\"><img width=\"640\" height=\"420\" src=\"https:\/\/hotellife.clienti4.editatest.com\/wp-content\/uploads\/2017\/10\/contenutisito_38_122-640x420.jpg\" class=\"attachment-medium size-medium\" alt=\"Hotel con piscina Viserbella di Rimini\" loading=\"lazy\" \/><\/a>\n\t\t\t\t<\/div><\/figure><figure class='gallery-item'>\n\t\t\t\t<div class='gallery-icon landscape'>\n\t\t\t\t\t<a href='https:\/\/hotellife.clienti4.editatest.com\/wp-content\/uploads\/2017\/10\/contenutisito_38_123.jpg' data-size=\"800x533\"><img width=\"640\" height=\"420\" src=\"https:\/\/hotellife.clienti4.editatest.com\/wp-content\/uploads\/2017\/10\/contenutisito_38_123-640x420.jpg\" class=\"attachment-medium size-medium\" alt=\"Hotel con palestra Rimini\" loading=\"lazy\" \/><\/a>\n\t\t\t\t<\/div><\/figure><figure class='gallery-item'>\n\t\t\t\t<div class='gallery-icon landscape'>\n\t\t\t\t\t<a href='https:\/\/hotellife.clienti4.editatest.com\/wp-content\/uploads\/2017\/10\/Gallery-accompagnatori-Hotel-Life.jpg' data-size=\"800x533\"><img width=\"640\" height=\"420\" src=\"https:\/\/hotellife.clienti4.editatest.com\/wp-content\/uploads\/2017\/10\/Gallery-accompagnatori-Hotel-Life-640x420.jpg\" class=\"attachment-medium size-medium\" alt=\"Centro Storico Rimini\" loading=\"lazy\" \/><\/a>\n\t\t\t\t<\/div><\/figure>\n\t\t\t<\/div>\n<\/div>\n\n","protected":false},"excerpt":{"rendered":"<p>Et nous \u00e0 l\u2019h\u00f4tel Life on prend soin de tout le monde, de ceux qui font des excursions en v\u00e9lo et de ceux qui restent les attendre. Nous pouvons mettre \u00e0 disposition tous nos services, comme le centre de bien \u00eatre Maisha, avec des parcours \u00e9tudi\u00e9s pour toi et des massages sp\u00e9ciaux ou on peut te faire vivre la plage au mieux. Nous pouvons aussi vous indiquer o\u00f9, comment et &#8230;<\/p>\n","protected":false},"author":1,"featured_media":0,"parent":0,"menu_order":0,"comment_status":"closed","ping_status":"closed","template":"","meta":[],"acf":[],"_links":{"self":[{"href":"https:\/\/hotellife.clienti4.editatest.com\/fr\/wp-json\/wp\/v2\/pages\/949\/"}],"collection":[{"href":"https:\/\/hotellife.clienti4.editatest.com\/fr\/wp-json\/wp\/v2\/pages\/"}],"about":[{"href":"https:\/\/hotellife.clienti4.editatest.com\/fr\/wp-json\/wp\/v2\/types\/page\/"}],"author":[{"embeddable":true,"href":"https:\/\/hotellife.clienti4.editatest.com\/fr\/wp-json\/wp\/v2\/users\/1\/"}],"replies":[{"embeddable":true,"href":"https:\/\/hotellife.clienti4.editatest.com\/fr\/wp-json\/wp\/v2\/comments\/?post=949"}],"version-history":[{"count":0,"href":"https:\/\/hotellife.clienti4.editatest.com\/fr\/wp-json\/wp\/v2\/pages\/949\/revisions\/"}],"wp:attachment":[{"href":"https:\/\/hotellife.clienti4.editatest.com\/fr\/wp-json\/wp\/v2\/media\/?parent=949"}],"curies":[{"name":"wp","href":"https:\/\/api.w.org\/{rel}","templated":true}]}}