{"id":940,"date":"2017-10-26T12:23:33","date_gmt":"2017-10-26T10:23:33","guid":{"rendered":"https:\/\/hotellife.clienti4.editatest.com\/ristorante\/"},"modified":"2022-04-20T07:58:02","modified_gmt":"2022-04-20T05:58:02","slug":"restaurant","status":"publish","type":"page","link":"https:\/\/hotellife.clienti4.editatest.com\/fr\/restaurant\/","title":{"rendered":"Restaurant: o\u00f9 internationalit\u00e9 et cr\u00e9ativit\u00e9 se rencontrent"},"content":{"rendered":"<p><img loading=\"lazy\" class=\"size-medium wp-image-722 alignleft\" style=\"float: left;\" src=\"https:\/\/hotellife.clienti4.editatest.com\/wp-content\/uploads\/2017\/10\/ristorante-1-640x420.jpg\" alt=\"\" width=\"640\" height=\"420\" data-big-size=\"640x540\" \/><\/p>\n<div style=\"float: left;\">\n<p><strong>Quand on dit petit d\u00e9jeuner,<\/strong><\/p>\n<p>comprend le moment le plus important de la journ\u00e9e:<br \/>\nsurtout pendant les vacances,<br \/>\ncommencer avec plein de plaisir<br \/>\nune nouvelle journ\u00e9e c\u2019est fondamental!<br \/>\nVoil\u00e0 pourquoi nous tentons de prendre soin du petit d\u00e9jeuner buffet<br \/>\navec une attention particuli\u00e8re:<br \/>\nnos clients sont cajol\u00e9s avec tout ce qui sert<br \/>\npour rendre heureuse la sant\u00e9 et faire plaisir au palais.<\/p>\n<\/div>\n<div style=\"clear: both;\"><\/div>\n<hr \/>\n<p><img loading=\"lazy\" class=\"wp-image-727 size-medium alignright\" style=\"float: right;\" src=\"https:\/\/hotellife.clienti4.editatest.com\/wp-content\/uploads\/2017\/10\/ristorante-2-640x420.jpg\" alt=\"\" width=\"640\" height=\"420\" data-big-size=\"640x540\" \/><\/p>\n<div style=\"float: right;\"><\/div>\n<p><strong>La cuisine c\u2019est celle de la Romagne,<\/strong><\/p>\n<p>celle authentique car elle refl\u00e8te notre \u00e2me.<br \/>\nLe meilleur de notre tradition:<br \/>\nla viande de notre arri\u00e8re-pays et le poisson de notre mer.<br \/>\nMais nous sommes aussi un h\u00f4tel pour sportifs<br \/>\net nous leur offrons aussi la l\u00e9g\u00e8ret\u00e9 d\u2019une cuisine d\u00e9di\u00e9e<br \/>\net parfaite pour les cyclistes qui viennent nous trouver.<br \/>\nL\u2019imagination de notre chef et la pr\u00e9sentation<br \/>\nsoign\u00e9e de ses plats<br \/>\nrend tout encore plus gouteux aussi pour les yeux!<br \/>\nTous les jours, nos menus \u00e0 base de viande et de poisson,<br \/>\nles l\u00e9gumes et les salades sont propos\u00e9s dans un cadre suggestif<br \/>\net confortable, avec vue sur mer directe.<br \/>\nVous trouverez toujours un buffet de l\u00e9gumes et de desserts.<\/p>\n<div style=\"clear: both;\"><\/div>\n<hr \/>\n<p><img loading=\"lazy\" class=\"wp-image-1131 size-medium alignleft\" src=\"https:\/\/hotellife.clienti4.editatest.com\/wp-content\/uploads\/2017\/10\/Ristorante-01-Hotel-Life-640x420.jpg\" alt=\"\" width=\"640\" height=\"420\" data-big-size=\"640x540\" \/><\/p>\n<div style=\"float: right;\"><\/div>\n<p><strong>Des vacances \u00e0 l\u2019h\u00f4tel Life signifie \u00e9nergie<\/strong><br \/>\net dans notre restaurant aussi nous voulons satisfaire<br \/>\nles exigences de tout le monde.<br \/>\nTu y trouves le territoire, la mer,<br \/>\nl\u2019identit\u00e9 de la Romagne \u00e0 table car notre histoire gastronomique<br \/>\nest importante et tr\u00e8s gourmande!<br \/>\nTout est soign\u00e9 selon notre \u201cnatural style\u201d:<br \/>\nla salle avec sa vue sur l\u2019horizon,<br \/>\nla mer et la fra\u00eecheur dans les d\u00e9tails qui nous distinguent.<br \/>\nPar exemple il y a la mer \u00e0 table aussi:<br \/>\ndans sa mise en place, dans le graphisme des napperons,<br \/>\ndans les d\u00e9tails que nous aimons et<br \/>\nque personne ne laisse au hasard.<br \/>\nDans le restaurant, ils ne sont pas autoris\u00e9s animaux de toute nature.<\/p>\n<div style=\"clear: both;\"><\/div>\n<hr \/>\n<h2>Le bonjour commence par un sourire&#8230;<\/h2>\n<p><strong>\u2026et continue avec le go\u00fbt, la vari\u00e9t\u00e9, la volont\u00e9 de prendre soin de votre plat dans les moindres d\u00e9tails!<\/strong><\/p>\n<p>&nbsp;<\/p>\n","protected":false},"excerpt":{"rendered":"<p>Quand on dit petit d\u00e9jeuner, comprend le moment le plus important de la journ\u00e9e: surtout pendant les vacances, commencer avec plein de plaisir une nouvelle journ\u00e9e c\u2019est fondamental! Voil\u00e0 pourquoi nous tentons de prendre soin du petit d\u00e9jeuner buffet avec une attention particuli\u00e8re: nos clients sont cajol\u00e9s avec tout ce qui sert pour rendre heureuse la sant\u00e9 et faire plaisir au palais. La cuisine c\u2019est celle de la Romagne, celle &#8230;<\/p>\n","protected":false},"author":1,"featured_media":0,"parent":0,"menu_order":0,"comment_status":"closed","ping_status":"closed","template":"","meta":[],"acf":[],"_links":{"self":[{"href":"https:\/\/hotellife.clienti4.editatest.com\/fr\/wp-json\/wp\/v2\/pages\/940\/"}],"collection":[{"href":"https:\/\/hotellife.clienti4.editatest.com\/fr\/wp-json\/wp\/v2\/pages\/"}],"about":[{"href":"https:\/\/hotellife.clienti4.editatest.com\/fr\/wp-json\/wp\/v2\/types\/page\/"}],"author":[{"embeddable":true,"href":"https:\/\/hotellife.clienti4.editatest.com\/fr\/wp-json\/wp\/v2\/users\/1\/"}],"replies":[{"embeddable":true,"href":"https:\/\/hotellife.clienti4.editatest.com\/fr\/wp-json\/wp\/v2\/comments\/?post=940"}],"version-history":[{"count":0,"href":"https:\/\/hotellife.clienti4.editatest.com\/fr\/wp-json\/wp\/v2\/pages\/940\/revisions\/"}],"wp:attachment":[{"href":"https:\/\/hotellife.clienti4.editatest.com\/fr\/wp-json\/wp\/v2\/media\/?parent=940"}],"curies":[{"name":"wp","href":"https:\/\/api.w.org\/{rel}","templated":true}]}}