{"id":916,"date":"2017-11-09T12:21:02","date_gmt":"2017-11-09T11:21:02","guid":{"rendered":"https:\/\/hotellife.clienti4.editatest.com\/centro-benessere\/"},"modified":"2018-01-09T14:30:31","modified_gmt":"2018-01-09T13:30:31","slug":"centre-de-bien-etre","status":"publish","type":"page","link":"https:\/\/hotellife.clienti4.editatest.com\/fr\/centre-de-bien-etre\/","title":{"rendered":"Centre de bien \u00eatre \u00ab\u00a0Maisha\u00a0\u00bb"},"content":{"rendered":"<p><strong>Notre centre de bien \u00eatre Maisha <\/strong>compl\u00e8te notre accueil p\u00e9tillant et en m\u00eame temps r\u00e9g\u00e9n\u00e9rant. Maisha met \u00e0 ta disposition un grand hydromassage, un bain turc, des douches \u201c\u00e9motionnelles\u201d, une salle de d\u00e9tente tranquille avec de l\u2019aromath\u00e9rapie et de la chromoth\u00e9rapie.<\/p>\n<p><strong>C\u2019est une petite oasis de tranquillit\u00e9 et de magie, <\/strong>encore plus fascinante gr\u00e2ce aux couleurs de la pierre. Il y a aussi une cabine d\u00e9di\u00e9e aux traitements et au massages ainsi qu\u2019un solarium UVA pour prendre soin de ton bronzage. Les plus sportifs pourront profiter du gymnase professionnel Technogym avec un \u00e9cran TV tr\u00e8s large.<\/p>\n<div id='gallery-1' class='gallery galleryid-916  gallery-size-medium'><div class='owl-carousel owl-carousel-multiple-carousel-style'\n\t\t\t\t\t\t\tdata-owl-navigation='true'\n\t\t\t\t\t\t\tdata-owl-slide-speed='300'\n\t\t\t\t\t\t\tdata-owl-autoplay='false'\n\t\t\t\t\t\t\tdata-owl-pagination='false'\n\t\t\t\t\t\t\tdata-owl-pagination-speed='300'\n\t\t\t\t\t\t\tdata-owl-items-xs='1'data-owl-items-sm='2'data-owl-items-md='3'data-owl-items-lg='3'data-owl-items-xl='3'\n\t\t\t\t\t\t><figure class='gallery-item'>\n\t\t\t\t<div class='gallery-icon landscape'>\n\t\t\t\t\t<a href='https:\/\/hotellife.clienti4.editatest.com\/wp-content\/uploads\/2017\/11\/contenutisito_19_77.jpg' data-size=\"800x488\"><img width=\"640\" height=\"420\" src=\"https:\/\/hotellife.clienti4.editatest.com\/wp-content\/uploads\/2017\/11\/contenutisito_19_77-640x420.jpg\" class=\"attachment-medium size-medium\" alt=\"Hotel Rimini con palestra attrezzi pesi\" loading=\"lazy\" \/><\/a>\n\t\t\t\t<\/div><\/figure><figure class='gallery-item'>\n\t\t\t\t<div class='gallery-icon landscape'>\n\t\t\t\t\t<a href='https:\/\/hotellife.clienti4.editatest.com\/wp-content\/uploads\/2017\/11\/contenutisito_19_78.jpg' data-size=\"800x533\"><img width=\"640\" height=\"420\" src=\"https:\/\/hotellife.clienti4.editatest.com\/wp-content\/uploads\/2017\/11\/contenutisito_19_78-640x420.jpg\" class=\"attachment-medium size-medium\" alt=\"Hotel con solarium Rimini\" loading=\"lazy\" \/><\/a>\n\t\t\t\t<\/div><\/figure><figure class='gallery-item'>\n\t\t\t\t<div class='gallery-icon landscape'>\n\t\t\t\t\t<a href='https:\/\/hotellife.clienti4.editatest.com\/wp-content\/uploads\/2017\/11\/contenutisito_19_79.jpg' data-size=\"800x533\"><img width=\"640\" height=\"420\" src=\"https:\/\/hotellife.clienti4.editatest.com\/wp-content\/uploads\/2017\/11\/contenutisito_19_79-640x420.jpg\" class=\"attachment-medium size-medium\" alt=\"Hotel con lettini solarium Rimini\" loading=\"lazy\" \/><\/a>\n\t\t\t\t<\/div><\/figure>\n\t\t\t<\/div>\n<\/div>\n\n","protected":false},"excerpt":{"rendered":"<p>Notre centre de bien \u00eatre Maisha compl\u00e8te notre accueil p\u00e9tillant et en m\u00eame temps r\u00e9g\u00e9n\u00e9rant. Maisha met \u00e0 ta disposition un grand hydromassage, un bain turc, des douches \u201c\u00e9motionnelles\u201d, une salle de d\u00e9tente tranquille avec de l\u2019aromath\u00e9rapie et de la chromoth\u00e9rapie. C\u2019est une petite oasis de tranquillit\u00e9 et de magie, encore plus fascinante gr\u00e2ce aux couleurs de la pierre. Il y a aussi une cabine d\u00e9di\u00e9e aux traitements et au &#8230;<\/p>\n","protected":false},"author":1,"featured_media":0,"parent":0,"menu_order":0,"comment_status":"closed","ping_status":"closed","template":"","meta":[],"acf":[],"_links":{"self":[{"href":"https:\/\/hotellife.clienti4.editatest.com\/fr\/wp-json\/wp\/v2\/pages\/916\/"}],"collection":[{"href":"https:\/\/hotellife.clienti4.editatest.com\/fr\/wp-json\/wp\/v2\/pages\/"}],"about":[{"href":"https:\/\/hotellife.clienti4.editatest.com\/fr\/wp-json\/wp\/v2\/types\/page\/"}],"author":[{"embeddable":true,"href":"https:\/\/hotellife.clienti4.editatest.com\/fr\/wp-json\/wp\/v2\/users\/1\/"}],"replies":[{"embeddable":true,"href":"https:\/\/hotellife.clienti4.editatest.com\/fr\/wp-json\/wp\/v2\/comments\/?post=916"}],"version-history":[{"count":0,"href":"https:\/\/hotellife.clienti4.editatest.com\/fr\/wp-json\/wp\/v2\/pages\/916\/revisions\/"}],"wp:attachment":[{"href":"https:\/\/hotellife.clienti4.editatest.com\/fr\/wp-json\/wp\/v2\/media\/?parent=916"}],"curies":[{"name":"wp","href":"https:\/\/api.w.org\/{rel}","templated":true}]}}