{"id":662,"date":"2017-10-26T12:17:11","date_gmt":"2017-10-26T10:17:11","guid":{"rendered":"https:\/\/hotellife.clienti4.editatest.com\/guide\/"},"modified":"2018-01-09T14:36:03","modified_gmt":"2018-01-09T13:36:03","slug":"guide","status":"publish","type":"page","link":"https:\/\/hotellife.clienti4.editatest.com\/fr\/guide\/","title":{"rendered":"Demande nous comment organiser organiser une excursion guid\u00e9e et inoubliable!"},"content":{"rendered":"<p>Etre un h\u00f4tel pour cyclistes signifie aussi pouvoir \u00e9largir des services sp\u00e9ciaux fond\u00e9s sur un grand professionnalisme. <strong>Par exemple, il est important de fournir les guides <\/strong><strong>et les experts adapt\u00e9s pour des excursions organis\u00e9es. <\/strong>Il est fondamental de conna\u00eetre le territoire, de conna\u00eetre la difficult\u00e9 des parcours et d\u2019avoir ce vacillement d\u2019empathie qui peut donner la juste touche d\u2019enthousiasme et de joie \u00e0 chaque sortie. Le v\u00e9lo c\u2019est une passion et compter sur les bonnes personnes cela fait la diff\u00e9rence, pour nous et pour vous qui voulez vivre une exp\u00e9rience sportive sur notre splendide territoire. <strong>Ici \u00e0 l\u2019h\u00f4tel Life nous avons les bonnes r\u00e9f\u00e9rences.<\/strong><\/p>\n<div id='gallery-1' class='gallery galleryid-662  gallery-size-medium'><div class='owl-carousel owl-carousel-multiple-carousel-style'\n\t\t\t\t\t\t\tdata-owl-navigation='true'\n\t\t\t\t\t\t\tdata-owl-slide-speed='300'\n\t\t\t\t\t\t\tdata-owl-autoplay='false'\n\t\t\t\t\t\t\tdata-owl-pagination='false'\n\t\t\t\t\t\t\tdata-owl-pagination-speed='300'\n\t\t\t\t\t\t\tdata-owl-items-xs='1'data-owl-items-sm='2'data-owl-items-md='3'data-owl-items-lg='3'data-owl-items-xl='3'\n\t\t\t\t\t\t><figure class='gallery-item'>\n\t\t\t\t<div class='gallery-icon landscape'>\n\t\t\t\t\t<a href='https:\/\/hotellife.clienti4.editatest.com\/wp-content\/uploads\/2017\/10\/contenutisito_31_112.jpg' data-size=\"800x600\"><img width=\"640\" height=\"420\" src=\"https:\/\/hotellife.clienti4.editatest.com\/wp-content\/uploads\/2017\/10\/contenutisito_31_112-640x420.jpg\" class=\"attachment-medium size-medium\" alt=\"Percorsi itinerari bike hotel\" loading=\"lazy\" \/><\/a>\n\t\t\t\t<\/div><\/figure><figure class='gallery-item'>\n\t\t\t\t<div class='gallery-icon landscape'>\n\t\t\t\t\t<a href='https:\/\/hotellife.clienti4.editatest.com\/wp-content\/uploads\/2017\/10\/contenutisito_31_115.jpg' data-size=\"682x600\"><img width=\"640\" height=\"420\" src=\"https:\/\/hotellife.clienti4.editatest.com\/wp-content\/uploads\/2017\/10\/contenutisito_31_115-640x420.jpg\" class=\"attachment-medium size-medium\" alt=\"Bike Hotel Romagna\" loading=\"lazy\" \/><\/a>\n\t\t\t\t<\/div><\/figure><figure class='gallery-item'>\n\t\t\t\t<div class='gallery-icon landscape'>\n\t\t\t\t\t<a href='https:\/\/hotellife.clienti4.editatest.com\/wp-content\/uploads\/2017\/10\/contenutisito_31_114.jpg' data-size=\"800x600\"><img width=\"640\" height=\"420\" src=\"https:\/\/hotellife.clienti4.editatest.com\/wp-content\/uploads\/2017\/10\/contenutisito_31_114-640x420.jpg\" class=\"attachment-medium size-medium\" alt=\"Percorsi Bike Hotel Viserbella di Rimini\" loading=\"lazy\" \/><\/a>\n\t\t\t\t<\/div><\/figure>\n\t\t\t<\/div>\n<\/div>\n\n","protected":false},"excerpt":{"rendered":"<p>Etre un h\u00f4tel pour cyclistes signifie aussi pouvoir \u00e9largir des services sp\u00e9ciaux fond\u00e9s sur un grand professionnalisme. Par exemple, il est important de fournir les guides et les experts adapt\u00e9s pour des excursions organis\u00e9es. Il est fondamental de conna\u00eetre le territoire, de conna\u00eetre la difficult\u00e9 des parcours et d\u2019avoir ce vacillement d\u2019empathie qui peut donner la juste touche d\u2019enthousiasme et de joie \u00e0 chaque sortie. Le v\u00e9lo c\u2019est une passion &#8230;<\/p>\n","protected":false},"author":1,"featured_media":0,"parent":0,"menu_order":0,"comment_status":"closed","ping_status":"closed","template":"","meta":[],"acf":[],"_links":{"self":[{"href":"https:\/\/hotellife.clienti4.editatest.com\/fr\/wp-json\/wp\/v2\/pages\/662\/"}],"collection":[{"href":"https:\/\/hotellife.clienti4.editatest.com\/fr\/wp-json\/wp\/v2\/pages\/"}],"about":[{"href":"https:\/\/hotellife.clienti4.editatest.com\/fr\/wp-json\/wp\/v2\/types\/page\/"}],"author":[{"embeddable":true,"href":"https:\/\/hotellife.clienti4.editatest.com\/fr\/wp-json\/wp\/v2\/users\/1\/"}],"replies":[{"embeddable":true,"href":"https:\/\/hotellife.clienti4.editatest.com\/fr\/wp-json\/wp\/v2\/comments\/?post=662"}],"version-history":[{"count":0,"href":"https:\/\/hotellife.clienti4.editatest.com\/fr\/wp-json\/wp\/v2\/pages\/662\/revisions\/"}],"wp:attachment":[{"href":"https:\/\/hotellife.clienti4.editatest.com\/fr\/wp-json\/wp\/v2\/media\/?parent=662"}],"curies":[{"name":"wp","href":"https:\/\/api.w.org\/{rel}","templated":true}]}}