{"id":656,"date":"2017-11-13T16:16:43","date_gmt":"2017-11-13T15:16:43","guid":{"rendered":"https:\/\/hotellife.clienti4.editatest.com\/servizi-bike\/"},"modified":"2018-01-09T14:29:37","modified_gmt":"2018-01-09T13:29:37","slug":"services-bike","status":"publish","type":"page","link":"https:\/\/hotellife.clienti4.editatest.com\/fr\/services-bike\/","title":{"rendered":"Services Bike"},"content":{"rendered":"<p><strong>Il y a tellement d\u2019attentions que nous r\u00e9servons \u00e0 nos amis cyclistes. <\/strong>Nous faisons une liste, ainsi nous pouvons donner une id\u00e9e de comment nous consid\u00e9rons l\u2019accueil pour ceux qui alimentent cette splendide passion:<\/p>\n<ul>\n<li><strong>Acc\u00e8s par l\u2019arri\u00e8re pour les v\u00e9los<\/strong> avec toboggans sp\u00e9ciaux pour les deux roues;<\/li>\n<li><strong>Utilisation gratuite de notre Centre de Bien-\u00eatre Maisha<\/strong> (bain turc, douches \u201c\u00e9motionnelles\u201d, baignoire hydromassage et lits de d\u00e9tente avec chromoth\u00e9rapie);<\/li>\n<li><strong>Utilisation gratuite de notre gymnase professionnel<\/strong> avec des \u00e9quipements Technogym;<\/li>\n<li><strong>D\u00e9p\u00f4t s\u00fbr pour les v\u00e9los<\/strong>;<\/li>\n<li><strong>Espace avec plan de travail pour effectuer l\u2019entretien et les r\u00e9parations<\/strong>;<\/li>\n<li><strong>Cartes avec des itin\u00e9raires divis\u00e9s par difficult\u00e9 et par longueur<\/strong>;<\/li>\n<li>Possibilit\u00e9 d\u2019<strong>excursions guid\u00e9es<\/strong> avec un guide;<\/li>\n<li><strong>Possibilit\u00e9 de louer des v\u00e9los<\/strong>;<\/li>\n<li><strong>Maxi petit d\u00e9jeuner<\/strong> (buffet enrichi de plats pour les cyclistes au petit d\u00e9jeuner). Les cyclistes ont des exigences qui sont fondamentales. Par exemple, avant de partir, ils ont besoin de charger leurs batteries le matin, ils ont besoin de quelque chose en plus qui pourra apporter le bon carburant pour leur excursion dans notre Rimini cach\u00e9e. Et \u00e0 nous, \u00e7a pla\u00eet tellement de les cajoler, de les g\u00e2ter, en faisant du petit d\u00e9jeuner un moment d\u00e9licieux: le buffet est enrichi pour ces derniers d\u2019autres aliments sucr\u00e9s et sal\u00e9s qui peuvent rendre heureux chacun d\u2019entre eux et satisfaire naturellement toutes les exigences nutritionnelles possibles. Oui, car le bonheur du cycliste est aussi le n\u00f4tre, \u00e0 table comme sur le v\u00e9lo.<\/li>\n<li><strong>Maxi demi-pension<\/strong> (buffet enrichi de plats pour les cyclistes au d\u00eener). Quand nos cyclistes reviennent ils ont faim! Les deux roues, les parcours, les panoramas inoubliables, la fatigue, ont remplis de merveilleuses sensations leur exp\u00e9rience et ils ont besoin de recharger leurs batteries! Et on y pense nous: ici \u00e0 l\u2019h\u00f4tel Life, l\u2019app\u00e9tit des cyclistes nous le dominons avec le buffet encore plus riche, encore plus vari\u00e9, encore plus gourmand! La super demi-pension c\u2019est justement cela, montrer de l\u2019attention et du soin sp\u00e9cial<br \/>\n\u00e0 ceux qui viennent chez nous pour le plaisir d\u2019explorer le territoire avec les deux roues. C\u2019est votre passion mais aussi la n\u00f4tre!<\/li>\n<\/ul>\n<div id='gallery-1' class='gallery galleryid-656  gallery-size-medium'><div class='owl-carousel owl-carousel-multiple-carousel-style'\n\t\t\t\t\t\t\tdata-owl-navigation='true'\n\t\t\t\t\t\t\tdata-owl-slide-speed='300'\n\t\t\t\t\t\t\tdata-owl-autoplay='false'\n\t\t\t\t\t\t\tdata-owl-pagination='false'\n\t\t\t\t\t\t\tdata-owl-pagination-speed='300'\n\t\t\t\t\t\t\tdata-owl-items-xs='1'data-owl-items-sm='2'data-owl-items-md='3'data-owl-items-lg='3'data-owl-items-xl='3'\n\t\t\t\t\t\t><figure class='gallery-item'>\n\t\t\t\t<div class='gallery-icon landscape'>\n\t\t\t\t\t<a href='https:\/\/hotellife.clienti4.editatest.com\/wp-content\/uploads\/2017\/11\/servizi-bike.jpg' data-size=\"800x600\"><img width=\"640\" height=\"420\" src=\"https:\/\/hotellife.clienti4.editatest.com\/wp-content\/uploads\/2017\/11\/servizi-bike-640x420.jpg\" class=\"attachment-medium size-medium\" alt=\"Hotel Bike Rimini per ciclisti\" loading=\"lazy\" \/><\/a>\n\t\t\t\t<\/div><\/figure><figure class='gallery-item'>\n\t\t\t\t<div class='gallery-icon landscape'>\n\t\t\t\t\t<a href='https:\/\/hotellife.clienti4.editatest.com\/wp-content\/uploads\/2017\/11\/contenutisito_18_110.jpg' data-size=\"800x462\"><img width=\"640\" height=\"420\" src=\"https:\/\/hotellife.clienti4.editatest.com\/wp-content\/uploads\/2017\/11\/contenutisito_18_110-640x420.jpg\" class=\"attachment-medium size-medium\" alt=\"Hotel con servizi bike\" loading=\"lazy\" \/><\/a>\n\t\t\t\t<\/div><\/figure><figure class='gallery-item'>\n\t\t\t\t<div class='gallery-icon landscape'>\n\t\t\t\t\t<a href='https:\/\/hotellife.clienti4.editatest.com\/wp-content\/uploads\/2017\/11\/contenutisito_18_111.jpg' data-size=\"800x600\"><img width=\"640\" height=\"420\" src=\"https:\/\/hotellife.clienti4.editatest.com\/wp-content\/uploads\/2017\/11\/contenutisito_18_111-640x420.jpg\" class=\"attachment-medium size-medium\" alt=\"Hotel Rimini con Officina biciclette\" loading=\"lazy\" \/><\/a>\n\t\t\t\t<\/div><\/figure><figure class='gallery-item'>\n\t\t\t\t<div class='gallery-icon landscape'>\n\t\t\t\t\t<a href='https:\/\/hotellife.clienti4.editatest.com\/wp-content\/uploads\/2017\/11\/contenutisito_18_133.jpg' data-size=\"751x600\"><img width=\"640\" height=\"420\" src=\"https:\/\/hotellife.clienti4.editatest.com\/wp-content\/uploads\/2017\/11\/contenutisito_18_133-640x420.jpg\" class=\"attachment-medium size-medium\" alt=\"Bike Hotel Rimini Viserbella\" loading=\"lazy\" \/><\/a>\n\t\t\t\t<\/div><\/figure>\n\t\t\t<\/div>\n<\/div>\n\n<p>&nbsp;<\/p>\n","protected":false},"excerpt":{"rendered":"<p>Il y a tellement d\u2019attentions que nous r\u00e9servons \u00e0 nos amis cyclistes. Nous faisons une liste, ainsi nous pouvons donner une id\u00e9e de comment nous consid\u00e9rons l\u2019accueil pour ceux qui alimentent cette splendide passion: Acc\u00e8s par l\u2019arri\u00e8re pour les v\u00e9los avec toboggans sp\u00e9ciaux pour les deux roues; Utilisation gratuite de notre Centre de Bien-\u00eatre Maisha (bain turc, douches \u201c\u00e9motionnelles\u201d, baignoire hydromassage et lits de d\u00e9tente avec chromoth\u00e9rapie); Utilisation gratuite de &#8230;<\/p>\n","protected":false},"author":1,"featured_media":0,"parent":0,"menu_order":0,"comment_status":"closed","ping_status":"closed","template":"","meta":[],"acf":[],"_links":{"self":[{"href":"https:\/\/hotellife.clienti4.editatest.com\/fr\/wp-json\/wp\/v2\/pages\/656\/"}],"collection":[{"href":"https:\/\/hotellife.clienti4.editatest.com\/fr\/wp-json\/wp\/v2\/pages\/"}],"about":[{"href":"https:\/\/hotellife.clienti4.editatest.com\/fr\/wp-json\/wp\/v2\/types\/page\/"}],"author":[{"embeddable":true,"href":"https:\/\/hotellife.clienti4.editatest.com\/fr\/wp-json\/wp\/v2\/users\/1\/"}],"replies":[{"embeddable":true,"href":"https:\/\/hotellife.clienti4.editatest.com\/fr\/wp-json\/wp\/v2\/comments\/?post=656"}],"version-history":[{"count":0,"href":"https:\/\/hotellife.clienti4.editatest.com\/fr\/wp-json\/wp\/v2\/pages\/656\/revisions\/"}],"wp:attachment":[{"href":"https:\/\/hotellife.clienti4.editatest.com\/fr\/wp-json\/wp\/v2\/media\/?parent=656"}],"curies":[{"name":"wp","href":"https:\/\/api.w.org\/{rel}","templated":true}]}}