{"id":650,"date":"2016-08-01T14:55:13","date_gmt":"2016-08-01T12:55:13","guid":{"rendered":"https:\/\/hotellife.clienti4.editatest.com\/servizi-family\/"},"modified":"2021-09-20T17:20:30","modified_gmt":"2021-09-20T15:20:30","slug":"services-family","status":"publish","type":"page","link":"https:\/\/hotellife.clienti4.editatest.com\/fr\/services-family\/","title":{"rendered":"Les familles, \u00e0 l\u2019h\u00f4tel Life se sentent \u00e0 l\u2019aise"},"content":{"rendered":"<p>Pourquoi? Car nous essayons d\u2019exprimer avec les mots la praticit\u00e9, pour une maman, d\u2019avoir une chambre \u00e9quip\u00e9e avec une cuisine, un coin cuisson et un frigo, ouverte 24 heures sur 24 o\u00f9 elle pourra pr\u00e9parer des bouillies pour son b\u00e9b\u00e9 et faire r\u00e9chauffer les biberons. Nous ajoutons que la chef, tous les jours, pr\u00e9pare des soupes et des bouillons de l\u00e9gumes frais: ainsi, les mamans peuvent pr\u00e9parer les plats \u00e0 leurs enfants comme elles le veulent! A l\u2019h\u00f4tel Life, en plus, les mamans peuvent faire manger les enfants avant puis elles peuvent profiter du temps \u00e0 table avec le reste de leur famille.<\/p>\n<div id='gallery-1' class='gallery galleryid-650  gallery-size-medium'><div class='owl-carousel owl-carousel-multiple-carousel-style'\n\t\t\t\t\t\t\tdata-owl-navigation='true'\n\t\t\t\t\t\t\tdata-owl-slide-speed='300'\n\t\t\t\t\t\t\tdata-owl-autoplay='false'\n\t\t\t\t\t\t\tdata-owl-pagination='false'\n\t\t\t\t\t\t\tdata-owl-pagination-speed='300'\n\t\t\t\t\t\t\tdata-owl-items-xs='1'data-owl-items-sm='2'data-owl-items-md='3'data-owl-items-lg='3'data-owl-items-xl='3'\n\t\t\t\t\t\t><figure class='gallery-item'>\n\t\t\t\t<div class='gallery-icon landscape'>\n\t\t\t\t\t<a href='https:\/\/hotellife.clienti4.editatest.com\/wp-content\/uploads\/2016\/08\/Family-Hotel-Life.jpg' data-size=\"800x438\"><img width=\"640\" height=\"420\" src=\"https:\/\/hotellife.clienti4.editatest.com\/wp-content\/uploads\/2016\/08\/Family-Hotel-Life-640x420.jpg\" class=\"attachment-medium size-medium\" alt=\"Hotel per Famiglie a Viserbella di Rimini\" loading=\"lazy\" \/><\/a>\n\t\t\t\t<\/div><\/figure><figure class='gallery-item'>\n\t\t\t\t<div class='gallery-icon landscape'>\n\t\t\t\t\t<a href='https:\/\/hotellife.clienti4.editatest.com\/wp-content\/uploads\/2016\/08\/contenutisito_22_87.jpg' data-size=\"800x532\"><img width=\"640\" height=\"420\" src=\"https:\/\/hotellife.clienti4.editatest.com\/wp-content\/uploads\/2016\/08\/contenutisito_22_87-640x420.jpg\" class=\"attachment-medium size-medium\" alt=\"Life Style Hotel per famiglie Viserbella\" loading=\"lazy\" \/><\/a>\n\t\t\t\t<\/div><\/figure><figure class='gallery-item'>\n\t\t\t\t<div class='gallery-icon landscape'>\n\t\t\t\t\t<a href='https:\/\/hotellife.clienti4.editatest.com\/wp-content\/uploads\/2016\/08\/contenutisito_22_88.jpg' data-size=\"800x600\"><img width=\"640\" height=\"420\" src=\"https:\/\/hotellife.clienti4.editatest.com\/wp-content\/uploads\/2016\/08\/contenutisito_22_88-640x420.jpg\" class=\"attachment-medium size-medium\" alt=\"Life Style Hotel con animazione per bambini\" loading=\"lazy\" \/><\/a>\n\t\t\t\t<\/div><\/figure><figure class='gallery-item'>\n\t\t\t\t<div class='gallery-icon landscape'>\n\t\t\t\t\t<a href='https:\/\/hotellife.clienti4.editatest.com\/wp-content\/uploads\/2016\/08\/contenutisito_22_92.jpg' data-size=\"800x533\"><img width=\"640\" height=\"420\" src=\"https:\/\/hotellife.clienti4.editatest.com\/wp-content\/uploads\/2016\/08\/contenutisito_22_92-640x420.jpg\" class=\"attachment-medium size-medium\" alt=\"Life Style Hotel sulla spiaggia Viserbella\" loading=\"lazy\" \/><\/a>\n\t\t\t\t<\/div><\/figure>\n\t\t\t<\/div>\n<\/div>\n\n<p>Il y a des si\u00e8ges enfant, des poussettes, des lits b\u00e9b\u00e9 \u00e0 la disposition de nos petits clients.<br \/>\nIl y a une salle de jeux avec des livres, des couleurs et des fous rire! <strong>Mais nous voulons parler de la mer?<\/strong> Dans nos bains n. 43, chez Maurizio, il y a de l\u2019animation sp\u00e9ciale pour eux, avec des jeux et milles activit\u00e9s.<\/p>\n<p id=\"tw-target-text\" class=\"tw-data-text tw-text-large XcVN5d tw-ta\" dir=\"ltr\" data-placeholder=\"Traduzione\"><strong><span class=\"Y2IQFc\" lang=\"fr\">Le service de plage est payant.<\/span><\/strong><\/p>\n<p>La <strong>piscine<\/strong> aussi a un r\u00f4le important pour nos familles clientes de l\u2019h\u00f4tel: il y a une cascade sp\u00e9ciale pour les cervicales et un hydromassage ext\u00e9rieur chauff\u00e9. Sa hauteur varie d\u2019un m\u00e8tre \u00e0 un m\u00e8tre soixante. Une remarque pour les papas, ou en g\u00e9n\u00e9ral pour ceux qui arrivent en voiture: ne vous inqui\u00e9tez pas,<strong> votre voiture sera en s\u00e9curit\u00e9 dans notre parking surveill\u00e9 et juste \u00e0 c\u00f4t\u00e9 de l\u2019h\u00f4tel<\/strong>. L\u2019h\u00f4tel Life offre de nombreux services de qualit\u00e9 qui sont tous \u00e0 votre disposition, <strong>pour un \u201cnatural style\u201d enti\u00e8rement \u00e0 d\u00e9couvrir et \u00e0 vivre en toute tranquillit\u00e9 !<\/strong><\/p>\n","protected":false},"excerpt":{"rendered":"<p>Pourquoi? Car nous essayons d\u2019exprimer avec les mots la praticit\u00e9, pour une maman, d\u2019avoir une chambre \u00e9quip\u00e9e avec une cuisine, un coin cuisson et un frigo, ouverte 24 heures sur 24 o\u00f9 elle pourra pr\u00e9parer des bouillies pour son b\u00e9b\u00e9 et faire r\u00e9chauffer les biberons. Nous ajoutons que la chef, tous les jours, pr\u00e9pare des soupes et des bouillons de l\u00e9gumes frais: ainsi, les mamans peuvent pr\u00e9parer les plats \u00e0 &#8230;<\/p>\n","protected":false},"author":1,"featured_media":0,"parent":0,"menu_order":0,"comment_status":"closed","ping_status":"closed","template":"","meta":[],"acf":[],"_links":{"self":[{"href":"https:\/\/hotellife.clienti4.editatest.com\/fr\/wp-json\/wp\/v2\/pages\/650\/"}],"collection":[{"href":"https:\/\/hotellife.clienti4.editatest.com\/fr\/wp-json\/wp\/v2\/pages\/"}],"about":[{"href":"https:\/\/hotellife.clienti4.editatest.com\/fr\/wp-json\/wp\/v2\/types\/page\/"}],"author":[{"embeddable":true,"href":"https:\/\/hotellife.clienti4.editatest.com\/fr\/wp-json\/wp\/v2\/users\/1\/"}],"replies":[{"embeddable":true,"href":"https:\/\/hotellife.clienti4.editatest.com\/fr\/wp-json\/wp\/v2\/comments\/?post=650"}],"version-history":[{"count":0,"href":"https:\/\/hotellife.clienti4.editatest.com\/fr\/wp-json\/wp\/v2\/pages\/650\/revisions\/"}],"wp:attachment":[{"href":"https:\/\/hotellife.clienti4.editatest.com\/fr\/wp-json\/wp\/v2\/media\/?parent=650"}],"curies":[{"name":"wp","href":"https:\/\/api.w.org\/{rel}","templated":true}]}}