{"id":618,"date":"2017-10-19T09:58:18","date_gmt":"2017-10-19T07:58:18","guid":{"rendered":"https:\/\/hotellife.clienti4.editatest.com\/camere\/"},"modified":"2021-09-19T09:53:25","modified_gmt":"2021-09-19T07:53:25","slug":"chambres","status":"publish","type":"page","link":"https:\/\/hotellife.clienti4.editatest.com\/fr\/chambres\/","title":{"rendered":"Dans nos chambres nous avons mis notre essence"},"content":{"rendered":"<p>Nous avons recherch\u00e9 la mer dans tous ses d\u00e9tails; nous avons mis en \u00e9vidence les d\u00e9tails li\u00e9s \u00e0 la nature; nous avons choisi les n\u00f4tres, les grandes images sur les t\u00eates des lits.<\/p>\n<p><strong>Oui, nous souhaitons que votre s\u00e9jour \u00e0 l\u2019h\u00f4tel Life soit unique: <\/strong>nous voulons vous faire ressentir le plaisir de la mer en dehors et dans la chambre; nous voulons vous inspirer avec la force de la nature afin que sa vitalit\u00e9 fasse du bien \u00e0 votre c\u0153ur et \u00e0 votre esprit. Dans nos chambres, nous sommes autoris\u00e9s petits animaux (poids maximum de 8 kg.)<\/p>\n","protected":false},"excerpt":{"rendered":"<p>Nous avons recherch\u00e9 la mer dans tous ses d\u00e9tails; nous avons mis en \u00e9vidence les d\u00e9tails li\u00e9s \u00e0 la nature; nous avons choisi les n\u00f4tres, les grandes images sur les t\u00eates des lits. Oui, nous souhaitons que votre s\u00e9jour \u00e0 l\u2019h\u00f4tel Life soit unique: nous voulons vous faire ressentir le plaisir de la mer en dehors et dans la chambre; nous voulons vous inspirer avec la force de la nature &#8230;<\/p>\n","protected":false},"author":1,"featured_media":0,"parent":0,"menu_order":0,"comment_status":"closed","ping_status":"closed","template":"template\/template.camere.php","meta":[],"acf":[],"_links":{"self":[{"href":"https:\/\/hotellife.clienti4.editatest.com\/fr\/wp-json\/wp\/v2\/pages\/618\/"}],"collection":[{"href":"https:\/\/hotellife.clienti4.editatest.com\/fr\/wp-json\/wp\/v2\/pages\/"}],"about":[{"href":"https:\/\/hotellife.clienti4.editatest.com\/fr\/wp-json\/wp\/v2\/types\/page\/"}],"author":[{"embeddable":true,"href":"https:\/\/hotellife.clienti4.editatest.com\/fr\/wp-json\/wp\/v2\/users\/1\/"}],"replies":[{"embeddable":true,"href":"https:\/\/hotellife.clienti4.editatest.com\/fr\/wp-json\/wp\/v2\/comments\/?post=618"}],"version-history":[{"count":0,"href":"https:\/\/hotellife.clienti4.editatest.com\/fr\/wp-json\/wp\/v2\/pages\/618\/revisions\/"}],"wp:attachment":[{"href":"https:\/\/hotellife.clienti4.editatest.com\/fr\/wp-json\/wp\/v2\/media\/?parent=618"}],"curies":[{"name":"wp","href":"https:\/\/api.w.org\/{rel}","templated":true}]}}