{"id":577,"date":"2016-12-23T11:10:32","date_gmt":"2016-12-23T10:10:32","guid":{"rendered":"https:\/\/hotellife.clienti4.editatest.com\/offerte\/"},"modified":"2018-01-09T14:06:41","modified_gmt":"2018-01-09T13:06:41","slug":"offres","status":"publish","type":"page","link":"https:\/\/hotellife.clienti4.editatest.com\/fr\/offres\/","title":{"rendered":"Offres"},"content":{"rendered":"<p>Le meilleur au meilleur prix, des packs sp\u00e9ciaux pour des \u00e9v\u00e9nements ou cr\u00e9\u00e9s sur mesure pour les familles, les sportifs ou pur ceux qui viennent \u00e0 Rimini pour le travail : voici nos offres, il y en a une parfaite pour toi !<\/p>\n","protected":false},"excerpt":{"rendered":"<p>Le meilleur au meilleur prix, des packs sp\u00e9ciaux pour des \u00e9v\u00e9nements ou cr\u00e9\u00e9s sur mesure pour les familles, les sportifs ou pur ceux qui viennent \u00e0 Rimini pour le travail : voici nos offres, il y en a une parfaite pour toi !<\/p>\n","protected":false},"author":1,"featured_media":0,"parent":0,"menu_order":0,"comment_status":"closed","ping_status":"closed","template":"template\/template.offerte.php","meta":[],"acf":[],"_links":{"self":[{"href":"https:\/\/hotellife.clienti4.editatest.com\/fr\/wp-json\/wp\/v2\/pages\/577\/"}],"collection":[{"href":"https:\/\/hotellife.clienti4.editatest.com\/fr\/wp-json\/wp\/v2\/pages\/"}],"about":[{"href":"https:\/\/hotellife.clienti4.editatest.com\/fr\/wp-json\/wp\/v2\/types\/page\/"}],"author":[{"embeddable":true,"href":"https:\/\/hotellife.clienti4.editatest.com\/fr\/wp-json\/wp\/v2\/users\/1\/"}],"replies":[{"embeddable":true,"href":"https:\/\/hotellife.clienti4.editatest.com\/fr\/wp-json\/wp\/v2\/comments\/?post=577"}],"version-history":[{"count":0,"href":"https:\/\/hotellife.clienti4.editatest.com\/fr\/wp-json\/wp\/v2\/pages\/577\/revisions\/"}],"wp:attachment":[{"href":"https:\/\/hotellife.clienti4.editatest.com\/fr\/wp-json\/wp\/v2\/media\/?parent=577"}],"curies":[{"name":"wp","href":"https:\/\/api.w.org\/{rel}","templated":true}]}}