{"id":24661,"date":"2020-11-18T11:59:45","date_gmt":"2020-11-18T10:59:45","guid":{"rendered":"https:\/\/hotellife.clienti4.editatest.com\/?page_id=24661"},"modified":"2020-11-19T10:01:32","modified_gmt":"2020-11-19T09:01:32","slug":"parcours-en-velo-avec-toute-la-famille","status":"publish","type":"page","link":"https:\/\/hotellife.clienti4.editatest.com\/fr\/parcours-en-velo-avec-toute-la-famille\/","title":{"rendered":"Parcours en v\u00e9lo avec toute la famille"},"content":{"rendered":"<p><strong>Rimini et son arri\u00e8re-pays<\/strong>, des tr\u00e9sors d&rsquo;art et de beaut\u00e9 naturelle, sont des territoires \u00e0 d\u00e9couvrir, <strong>en selle sur votre v\u00e9lo.<\/strong><br \/>\nLa ville offre une grande vari\u00e9t\u00e9 d&rsquo;itin\u00e9raires gr\u00e2ce \u00e0 son r\u00e9seau de<strong> pistes cyclables, facilement accessibles \u00e0 tous.<\/strong><\/p>\n<p>&nbsp;<\/p>\n<h3><img loading=\"lazy\" class=\"alignleft wp-image-23949 size-medium\" style=\"float: left;\" src=\"https:\/\/hotellife.clienti4.editatest.com\/wp-content\/uploads\/2020\/11\/1-Anello-Verde_OK-640x420.jpg\" alt=\"\" width=\"640\" height=\"420\" data-big-size=\"800x600\" \/>Anello Verde (piste cyclable urbaine):<\/h3>\n<p>un itin\u00e9raire simple sans d\u00e9nivel\u00e9s qui unit les <strong>beaut\u00e9s naturelles<\/strong> en traversant les parcs de la ville ainsi que le lac de Cava \u00e0 l&rsquo;<strong>histoire<\/strong>, en longeant l&rsquo;amphith\u00e9\u00e2tre romain jusqu&rsquo;\u00e0 l&rsquo;Arc d&rsquo;Auguste.<\/p>\n<div style=\"clear: both;\"><\/div>\n<hr \/>\n<h3 style=\"text-align: left;\"><img loading=\"lazy\" class=\"wp-image-24109 size-medium alignright\" style=\"float: right;\" src=\"https:\/\/hotellife.clienti4.editatest.com\/wp-content\/uploads\/2020\/11\/2-Lungomare-Rimini_ok2-640x420.jpg\" alt=\"\" width=\"640\" height=\"420\" data-big-size=\"800x600\" \/>Le front de mer Rimini-Riccione (piste cyclable urbaine):<\/h3>\n<p style=\"text-align: left;\">un itin\u00e9raire de 7,5 km qui va du <strong>port Canal<\/strong> jusqu&rsquo;\u00e0 la <strong>Commune de Riccione.<\/strong> Cette piste cyclable\/pi\u00e9tonne fait partie d&rsquo;un projet de r\u00e9organisation fonctionnelle du front de mer de Rimini dans le but de cr\u00e9er une ville durable.<\/p>\n<p style=\"text-align: left;\">La <strong>vue sur la mer<\/strong> est vraiment suggestive et entre deux balades \u00e0 v\u00e9lo, offrez-vous une petite halte pour prendre une photo et un en-cas dans l&rsquo;un des innombrables stands sur le Front de mer : une <strong>excellente piadina<\/strong> est ce qu&rsquo;il vous faut pour repartir avec la bonne \u00e9nergie !<\/p>\n<div style=\"clear: both;\"><\/div>\n<hr \/>\n<h3><img loading=\"lazy\" class=\"alignleft wp-image-24862 size-medium\" style=\"float: left;\" src=\"https:\/\/hotellife.clienti4.editatest.com\/wp-content\/uploads\/2020\/11\/3-4-Rimini-Ponte-Verucchio-640x420.jpg\" alt=\"\" width=\"640\" height=\"420\" data-big-size=\"800x600\" \/>Piste cyclable de la rivi\u00e8re Marecchia:<\/h3>\n<p>itin\u00e9raire sur <strong>route de terre<\/strong>, facilement praticable m\u00eame par les cyclistes les moins experts, mais il est conseill\u00e9 d&rsquo;utiliser des v\u00e9los tout terrain. On part du <strong>parc XXV Aprile<\/strong> et on continue jusqu&rsquo;\u00e0 <strong>Ponte Verucchio.<\/strong> Le paysage qui s&rsquo;ouvre devant vos yeux est fait d&rsquo;une nature verdoyante peupl\u00e9e d&rsquo;une <strong>faune typique<\/strong> de la r\u00e9gion.<\/p>\n<p>Le long du trajet, vous apercevez le terrain de golf de Verucchio, le champ ball-trap et l&rsquo;a\u00e9roport pour les avions-mod\u00e8les r\u00e9duits de comp\u00e9tition.<\/p>\n<div style=\"clear: both;\"><\/div>\n<hr \/>\n<h3 style=\"text-align: left;\"><img loading=\"lazy\" class=\"wp-image-23957 size-medium alignright\" style=\"float: right;\" src=\"https:\/\/hotellife.clienti4.editatest.com\/wp-content\/uploads\/2020\/11\/3-4-Rimini-Nuova-Feltria_ok-640x420.jpg\" alt=\"\" width=\"640\" height=\"420\" data-big-size=\"800x600\" \/>Rimini &#8211; Novafeltria:<\/h3>\n<p style=\"text-align: left;\">en continuant sur la <strong>piste cyclable de Marecchia<\/strong>, on passe par le <strong>Sanctuaire de la Madonna di Saiano et Pietracuta<\/strong>, o\u00f9 l&rsquo;on peut admirer les vestiges du <strong>couvent San Domenico<\/strong> et la forteresse homonyme, avant d&rsquo;arriver \u00e0 <strong>Novafeltria.<\/strong><\/p>\n<p style=\"text-align: left;\">Profitez d&rsquo;une pause r\u00e9g\u00e9n\u00e9ratrice et visitez cette <strong>ville de Romagne<\/strong> : vous y d\u00e9couvrirez \u00e9galement de nombreuses tavernes typiques o\u00f9 vous pourrez vous arr\u00eater pour vous restaurer.<\/p>\n<div style=\"clear: both;\"><\/div>\n<hr \/>\n<h3><img loading=\"lazy\" class=\"alignleft wp-image-23962 size-medium\" style=\"float: left;\" src=\"https:\/\/hotellife.clienti4.editatest.com\/wp-content\/uploads\/2020\/11\/5-Rimini-Verucchio_ok-640x420.jpg\" alt=\"\" width=\"640\" height=\"420\" data-big-size=\"800x600\" \/>Rimini &#8211; Verucchio:<\/h3>\n<p>une aventure fantastique <strong>en pleine nature<\/strong>, dont le point d&rsquo;arriv\u00e9e est l&rsquo;un des plus beaux villages de l&rsquo;arri\u00e8re-pays de Romagne. <strong>Verucchio<\/strong>, \u00e9galement connu comme le \u00ab berceau de la famille Malatesta \u00bb, offre un <strong>panorama \u00e9vocateur<\/strong> de la vall\u00e9e de la <strong>Marecchia \u00e0 toute la c\u00f4te de Rimini.<\/strong><\/p>\n<p>Et apr\u00e8s une courte mont\u00e9e pour rejoindre le centre historique, le moment est venu de savourer les sp\u00e9cialit\u00e9s gastronomiques et le vin de ce terroir.<\/p>\n<div style=\"clear: both;\"><\/div>\n<hr \/>\n<h3 style=\"text-align: center;\">Nous vous attendons \u00e0 Rimini!<\/h3>\n<p style=\"text-align: center;\">En attendant, regardez cette belle vid\u00e9o qui part \u00e0 la <strong>d\u00e9couverte de la ville et de son arri\u00e8re-pays \u00e0 v\u00e9lo<\/strong>.<\/p>\n<p><iframe loading=\"lazy\" src=\"https:\/\/www.youtube.com\/embed\/W-6YeqvQF1o\" width=\"1280\" height=\"720\" frameborder=\"0\" allowfullscreen=\"allowfullscreen\"><\/iframe><\/p>\n<hr \/>\n<div id='gallery-1' class='gallery galleryid-24661  gallery-size-medium'><div class='owl-carousel owl-carousel-multiple-carousel-style'\n\t\t\t\t\t\t\tdata-owl-navigation='true'\n\t\t\t\t\t\t\tdata-owl-slide-speed='300'\n\t\t\t\t\t\t\tdata-owl-autoplay='false'\n\t\t\t\t\t\t\tdata-owl-pagination='false'\n\t\t\t\t\t\t\tdata-owl-pagination-speed='300'\n\t\t\t\t\t\t\tdata-owl-items-xs='1'data-owl-items-sm='2'data-owl-items-md='3'data-owl-items-lg='3'data-owl-items-xl='3'\n\t\t\t\t\t\t><figure class='gallery-item'>\n\t\t\t\t<div class='gallery-icon landscape'>\n\t\t\t\t\t<a href='https:\/\/hotellife.clienti4.editatest.com\/wp-content\/uploads\/2020\/11\/109817491_10157098508975966_997647230348525975_o.jpg' data-size=\"800x532\"><img width=\"640\" height=\"420\" src=\"https:\/\/hotellife.clienti4.editatest.com\/wp-content\/uploads\/2020\/11\/109817491_10157098508975966_997647230348525975_o-640x420.jpg\" class=\"attachment-medium size-medium\" alt=\"Nuovo lungomare Rimini\" loading=\"lazy\" \/><\/a>\n\t\t\t\t<\/div><\/figure><figure class='gallery-item'>\n\t\t\t\t<div class='gallery-icon landscape'>\n\t\t\t\t\t<a href='https:\/\/hotellife.clienti4.editatest.com\/wp-content\/uploads\/2017\/10\/Gallery-Percorsi-02-Hotel-Life.jpg' data-size=\"1500x900\"><img width=\"640\" height=\"420\" src=\"https:\/\/hotellife.clienti4.editatest.com\/wp-content\/uploads\/2017\/10\/Gallery-Percorsi-02-Hotel-Life-640x420.jpg\" class=\"attachment-medium size-medium\" alt=\"Itinerari e percorsi Hotel bike Rimini\" loading=\"lazy\" \/><\/a>\n\t\t\t\t<\/div><\/figure><figure class='gallery-item'>\n\t\t\t\t<div class='gallery-icon landscape'>\n\t\t\t\t\t<a href='https:\/\/hotellife.clienti4.editatest.com\/wp-content\/uploads\/2017\/10\/Gallery-percorsi-02Hotel-Life-1.jpg' data-size=\"800x533\"><img width=\"640\" height=\"420\" src=\"https:\/\/hotellife.clienti4.editatest.com\/wp-content\/uploads\/2017\/10\/Gallery-percorsi-02Hotel-Life-1-640x420.jpg\" class=\"attachment-medium size-medium\" alt=\"Percorsi Ciclisti Hotel Romagna\" loading=\"lazy\" \/><\/a>\n\t\t\t\t<\/div><\/figure><figure class='gallery-item'>\n\t\t\t\t<div class='gallery-icon landscape'>\n\t\t\t\t\t<a href='https:\/\/hotellife.clienti4.editatest.com\/wp-content\/uploads\/2017\/10\/Gallery-Percorsi-01-Hotel-Life.jpg' data-size=\"1500x900\"><img width=\"640\" height=\"420\" src=\"https:\/\/hotellife.clienti4.editatest.com\/wp-content\/uploads\/2017\/10\/Gallery-Percorsi-01-Hotel-Life-640x420.jpg\" class=\"attachment-medium size-medium\" alt=\"Percorsi in bicicletta Emilia Romagna\" loading=\"lazy\" \/><\/a>\n\t\t\t\t<\/div><\/figure><figure class='gallery-item'>\n\t\t\t\t<div class='gallery-icon landscape'>\n\t\t\t\t\t<a href='https:\/\/hotellife.clienti4.editatest.com\/wp-content\/uploads\/2020\/11\/88074356_10156678597840966_5210757269578317824_n.jpg' data-size=\"800x532\"><img width=\"640\" height=\"420\" src=\"https:\/\/hotellife.clienti4.editatest.com\/wp-content\/uploads\/2020\/11\/88074356_10156678597840966_5210757269578317824_n-640x420.jpg\" class=\"attachment-medium size-medium\" alt=\"Itinerari ciclisti Romagna\" loading=\"lazy\" \/><\/a>\n\t\t\t\t<\/div><\/figure>\n\t\t\t<\/div>\n<\/div>\n\n","protected":false},"excerpt":{"rendered":"<p>Rimini et son arri\u00e8re-pays, des tr\u00e9sors d&rsquo;art et de beaut\u00e9 naturelle, sont des territoires \u00e0 d\u00e9couvrir, en selle sur votre v\u00e9lo. La ville offre une grande vari\u00e9t\u00e9 d&rsquo;itin\u00e9raires gr\u00e2ce \u00e0 son r\u00e9seau de pistes cyclables, facilement accessibles \u00e0 tous. &nbsp; Anello Verde (piste cyclable urbaine): un itin\u00e9raire simple sans d\u00e9nivel\u00e9s qui unit les beaut\u00e9s naturelles en traversant les parcs de la ville ainsi que le lac de Cava \u00e0 l&rsquo;histoire, &#8230;<\/p>\n","protected":false},"author":1,"featured_media":0,"parent":0,"menu_order":0,"comment_status":"closed","ping_status":"closed","template":"","meta":[],"acf":[],"_links":{"self":[{"href":"https:\/\/hotellife.clienti4.editatest.com\/fr\/wp-json\/wp\/v2\/pages\/24661\/"}],"collection":[{"href":"https:\/\/hotellife.clienti4.editatest.com\/fr\/wp-json\/wp\/v2\/pages\/"}],"about":[{"href":"https:\/\/hotellife.clienti4.editatest.com\/fr\/wp-json\/wp\/v2\/types\/page\/"}],"author":[{"embeddable":true,"href":"https:\/\/hotellife.clienti4.editatest.com\/fr\/wp-json\/wp\/v2\/users\/1\/"}],"replies":[{"embeddable":true,"href":"https:\/\/hotellife.clienti4.editatest.com\/fr\/wp-json\/wp\/v2\/comments\/?post=24661"}],"version-history":[{"count":0,"href":"https:\/\/hotellife.clienti4.editatest.com\/fr\/wp-json\/wp\/v2\/pages\/24661\/revisions\/"}],"wp:attachment":[{"href":"https:\/\/hotellife.clienti4.editatest.com\/fr\/wp-json\/wp\/v2\/media\/?parent=24661"}],"curies":[{"name":"wp","href":"https:\/\/api.w.org\/{rel}","templated":true}]}}