{"id":962,"date":"2017-10-26T12:17:54","date_gmt":"2017-10-26T10:17:54","guid":{"rendered":"https:\/\/hotellife.clienti4.editatest.com\/percorsi-difficolta\/"},"modified":"2018-01-09T14:33:14","modified_gmt":"2018-01-09T13:33:14","slug":"strecken-und-schwierigkeiten","status":"publish","type":"page","link":"https:\/\/hotellife.clienti4.editatest.com\/de\/strecken-und-schwierigkeiten\/","title":{"rendered":"Wir k\u00f6nnen verschiedene Routen miteinander empfehlen"},"content":{"rendered":"<p>Wir k\u00f6nnen euch unterschiedlich lange und schwierige Strecke vorschlagen um euch die Sch\u00f6nheit dieses Terrains n\u00e4her zu bringen. <strong>Poetische Landschaften, sensationelle Gebiete: <\/strong>wir leben in einem magischen Land wo sich das Apenninengebirge sanft \u00fcber dem Meer erhebt; Wo der Horizont unendlich ist und die gr\u00fcnen H\u00fcgeln voll von Olivenb\u00e4umen sind. Die Schl\u00f6sser sind Konstellationen von Geschichte, die man auch mit dem Rad erlebt w\u00e4hrend man die wundersch\u00f6nen Strecken entlangf\u00e4hrt wie zum Beispiel in Valcona und im Marecchiatal.<\/p>\n<div id='gallery-1' class='gallery galleryid-962  gallery-size-medium'><div class='owl-carousel owl-carousel-multiple-carousel-style'\n\t\t\t\t\t\t\tdata-owl-navigation='true'\n\t\t\t\t\t\t\tdata-owl-slide-speed='300'\n\t\t\t\t\t\t\tdata-owl-autoplay='false'\n\t\t\t\t\t\t\tdata-owl-pagination='false'\n\t\t\t\t\t\t\tdata-owl-pagination-speed='300'\n\t\t\t\t\t\t\tdata-owl-items-xs='1'data-owl-items-sm='2'data-owl-items-md='3'data-owl-items-lg='3'data-owl-items-xl='3'\n\t\t\t\t\t\t><figure class='gallery-item'>\n\t\t\t\t<div class='gallery-icon landscape'>\n\t\t\t\t\t<a href='https:\/\/hotellife.clienti4.editatest.com\/wp-content\/uploads\/2017\/10\/Gallery-percorsi-03Hotel-Life-1.jpg' data-size=\"800x533\"><img width=\"640\" height=\"420\" src=\"https:\/\/hotellife.clienti4.editatest.com\/wp-content\/uploads\/2017\/10\/Gallery-percorsi-03Hotel-Life-1-640x420.jpg\" class=\"attachment-medium size-medium\" alt=\"Percorsi ciclismo Hotel Rimini\" loading=\"lazy\" \/><\/a>\n\t\t\t\t<\/div><\/figure><figure class='gallery-item'>\n\t\t\t\t<div class='gallery-icon landscape'>\n\t\t\t\t\t<a href='https:\/\/hotellife.clienti4.editatest.com\/wp-content\/uploads\/2017\/10\/Gallery-percorsi-02Hotel-Life-1.jpg' data-size=\"800x533\"><img width=\"640\" height=\"420\" src=\"https:\/\/hotellife.clienti4.editatest.com\/wp-content\/uploads\/2017\/10\/Gallery-percorsi-02Hotel-Life-1-640x420.jpg\" class=\"attachment-medium size-medium\" alt=\"Percorsi Ciclisti Hotel Romagna\" loading=\"lazy\" \/><\/a>\n\t\t\t\t<\/div><\/figure><figure class='gallery-item'>\n\t\t\t\t<div class='gallery-icon landscape'>\n\t\t\t\t\t<a href='https:\/\/hotellife.clienti4.editatest.com\/wp-content\/uploads\/2017\/10\/contenutisito_138_533.jpg' data-size=\"800x532\"><img width=\"640\" height=\"420\" src=\"https:\/\/hotellife.clienti4.editatest.com\/wp-content\/uploads\/2017\/10\/contenutisito_138_533-640x420.jpg\" class=\"attachment-medium size-medium\" alt=\"Bike Hotel Viserbella di Rimini\" loading=\"lazy\" \/><\/a>\n\t\t\t\t<\/div><\/figure>\n\t\t\t<\/div>\n<\/div>\n\n","protected":false},"excerpt":{"rendered":"<p>Wir k\u00f6nnen euch unterschiedlich lange und schwierige Strecke vorschlagen um euch die Sch\u00f6nheit dieses Terrains n\u00e4her zu bringen. Poetische Landschaften, sensationelle Gebiete: wir leben in einem magischen Land wo sich das Apenninengebirge sanft \u00fcber dem Meer erhebt; Wo der Horizont unendlich ist und die gr\u00fcnen H\u00fcgeln voll von Olivenb\u00e4umen sind. Die Schl\u00f6sser sind Konstellationen von Geschichte, die man auch mit dem Rad erlebt w\u00e4hrend man die wundersch\u00f6nen Strecken entlangf\u00e4hrt wie &#8230;<\/p>\n","protected":false},"author":1,"featured_media":0,"parent":0,"menu_order":0,"comment_status":"closed","ping_status":"closed","template":"","meta":[],"acf":[],"_links":{"self":[{"href":"https:\/\/hotellife.clienti4.editatest.com\/de\/wp-json\/wp\/v2\/pages\/962\/"}],"collection":[{"href":"https:\/\/hotellife.clienti4.editatest.com\/de\/wp-json\/wp\/v2\/pages\/"}],"about":[{"href":"https:\/\/hotellife.clienti4.editatest.com\/de\/wp-json\/wp\/v2\/types\/page\/"}],"author":[{"embeddable":true,"href":"https:\/\/hotellife.clienti4.editatest.com\/de\/wp-json\/wp\/v2\/users\/1\/"}],"replies":[{"embeddable":true,"href":"https:\/\/hotellife.clienti4.editatest.com\/de\/wp-json\/wp\/v2\/comments\/?post=962"}],"version-history":[{"count":0,"href":"https:\/\/hotellife.clienti4.editatest.com\/de\/wp-json\/wp\/v2\/pages\/962\/revisions\/"}],"wp:attachment":[{"href":"https:\/\/hotellife.clienti4.editatest.com\/de\/wp-json\/wp\/v2\/media\/?parent=962"}],"curies":[{"name":"wp","href":"https:\/\/api.w.org\/{rel}","templated":true}]}}