{"id":956,"date":"2017-10-26T12:17:40","date_gmt":"2017-10-26T10:17:40","guid":{"rendered":"https:\/\/hotellife.clienti4.editatest.com\/noleggio\/"},"modified":"2018-01-09T14:34:14","modified_gmt":"2018-01-09T13:34:14","slug":"verleih","status":"publish","type":"page","link":"https:\/\/hotellife.clienti4.editatest.com\/de\/verleih\/","title":{"rendered":"Komm zu uns ohne Bedenken! Das ist \u201cnatural style\u201d im Hotel \u201cLife\u201d!"},"content":{"rendered":"<p>Bist du am Anfang deiner Karriere und hast du kein Profi-Fahrrad mit im Urlaub? M\u00f6chtest du dich einer Gruppe von Radfahrern f\u00fcr eine einfache Tour morgen anschlie\u00dfen? Konntest du dein Fahrrad nicht mitnehmen? Keine Sorge, denn wir sind ein Bikehotel und wir wissen wo man qualitative R\u00e4der ausleihen kann. <strong>Du wirst deine Erfahrung auf den Strecken unseres Riminis mit einem Leihfahrrad machen k\u00f6nnen.<\/strong><\/p>\n<div id='gallery-1' class='gallery galleryid-956  gallery-size-medium'><div class='owl-carousel owl-carousel-multiple-carousel-style'\n\t\t\t\t\t\t\tdata-owl-navigation='true'\n\t\t\t\t\t\t\tdata-owl-slide-speed='300'\n\t\t\t\t\t\t\tdata-owl-autoplay='false'\n\t\t\t\t\t\t\tdata-owl-pagination='false'\n\t\t\t\t\t\t\tdata-owl-pagination-speed='300'\n\t\t\t\t\t\t\tdata-owl-items-xs='1'data-owl-items-sm='2'data-owl-items-md='3'data-owl-items-lg='3'data-owl-items-xl='3'\n\t\t\t\t\t\t><figure class='gallery-item'>\n\t\t\t\t<div class='gallery-icon landscape'>\n\t\t\t\t\t<a href='https:\/\/hotellife.clienti4.editatest.com\/wp-content\/uploads\/2017\/10\/contenutisito_32_116.jpg' data-size=\"800x533\"><img width=\"640\" height=\"420\" src=\"https:\/\/hotellife.clienti4.editatest.com\/wp-content\/uploads\/2017\/10\/contenutisito_32_116-640x420.jpg\" class=\"attachment-medium size-medium\" alt=\"Officina Hotel Bici Rimini\" loading=\"lazy\" \/><\/a>\n\t\t\t\t<\/div><\/figure><figure class='gallery-item'>\n\t\t\t\t<div class='gallery-icon landscape'>\n\t\t\t\t\t<a href='https:\/\/hotellife.clienti4.editatest.com\/wp-content\/uploads\/2017\/10\/Gallery-noleggio-2-Hotel-Life.jpg' data-size=\"800x533\"><img width=\"640\" height=\"420\" src=\"https:\/\/hotellife.clienti4.editatest.com\/wp-content\/uploads\/2017\/10\/Gallery-noleggio-2-Hotel-Life-640x420.jpg\" class=\"attachment-medium size-medium\" alt=\"Noleggio Bici Hotel Rimini ciclisti\" loading=\"lazy\" \/><\/a>\n\t\t\t\t<\/div><\/figure><figure class='gallery-item'>\n\t\t\t\t<div class='gallery-icon landscape'>\n\t\t\t\t\t<a href='https:\/\/hotellife.clienti4.editatest.com\/wp-content\/uploads\/2017\/10\/Gallery-noleggio-3-Hotel-Life.jpg' data-size=\"800x533\"><img width=\"640\" height=\"420\" src=\"https:\/\/hotellife.clienti4.editatest.com\/wp-content\/uploads\/2017\/10\/Gallery-noleggio-3-Hotel-Life-640x420.jpg\" class=\"attachment-medium size-medium\" alt=\"Noleggio Bici in Hotel per ciclisti\" loading=\"lazy\" \/><\/a>\n\t\t\t\t<\/div><\/figure>\n\t\t\t<\/div>\n<\/div>\n\n","protected":false},"excerpt":{"rendered":"<p>Bist du am Anfang deiner Karriere und hast du kein Profi-Fahrrad mit im Urlaub? M\u00f6chtest du dich einer Gruppe von Radfahrern f\u00fcr eine einfache Tour morgen anschlie\u00dfen? Konntest du dein Fahrrad nicht mitnehmen? Keine Sorge, denn wir sind ein Bikehotel und wir wissen wo man qualitative R\u00e4der ausleihen kann. Du wirst deine Erfahrung auf den Strecken unseres Riminis mit einem Leihfahrrad machen k\u00f6nnen.<\/p>\n","protected":false},"author":1,"featured_media":0,"parent":0,"menu_order":0,"comment_status":"closed","ping_status":"closed","template":"","meta":[],"acf":[],"_links":{"self":[{"href":"https:\/\/hotellife.clienti4.editatest.com\/de\/wp-json\/wp\/v2\/pages\/956\/"}],"collection":[{"href":"https:\/\/hotellife.clienti4.editatest.com\/de\/wp-json\/wp\/v2\/pages\/"}],"about":[{"href":"https:\/\/hotellife.clienti4.editatest.com\/de\/wp-json\/wp\/v2\/types\/page\/"}],"author":[{"embeddable":true,"href":"https:\/\/hotellife.clienti4.editatest.com\/de\/wp-json\/wp\/v2\/users\/1\/"}],"replies":[{"embeddable":true,"href":"https:\/\/hotellife.clienti4.editatest.com\/de\/wp-json\/wp\/v2\/comments\/?post=956"}],"version-history":[{"count":0,"href":"https:\/\/hotellife.clienti4.editatest.com\/de\/wp-json\/wp\/v2\/pages\/956\/revisions\/"}],"wp:attachment":[{"href":"https:\/\/hotellife.clienti4.editatest.com\/de\/wp-json\/wp\/v2\/media\/?parent=956"}],"curies":[{"name":"wp","href":"https:\/\/api.w.org\/{rel}","templated":true}]}}