{"id":950,"date":"2017-10-26T12:17:24","date_gmt":"2017-10-26T10:17:24","guid":{"rendered":"https:\/\/hotellife.clienti4.editatest.com\/accompagnatori\/"},"modified":"2018-01-09T14:35:25","modified_gmt":"2018-01-09T13:35:25","slug":"begleiter","status":"publish","type":"page","link":"https:\/\/hotellife.clienti4.editatest.com\/de\/begleiter\/","title":{"rendered":"Wer einen Radfahrer im Urlaub begleitet weiss eins: man hat Freizeit!"},"content":{"rendered":"<p><strong>Wir vom Hotel \u201cLife\u201d k\u00fcmmern uns um alle. <\/strong>Um die Radfahrer und diejenigen die hier bleiben und auf die R\u00fcckkehr der Biker warten. Wir stellen all unsere Angebote zu deiner Verf\u00fcgung wie zum Beispiel das Wellnesscenter \u201cMaisha\u201d mit speziellen Massagen und professionellen Anwendungen nur f\u00fcr dich, oder du kannst einfach den Strand und das Meer geniessen. Wir k\u00f6nnen auch die besten Shoppingtipps im Stadtzentrum geben oder euch in das fellinianische Rimini eintauchen beziehungsweise die r\u00f6mischen Urspr\u00fcnge erkunden lassen.<\/p>\n<div id='gallery-1' class='gallery galleryid-950  gallery-size-medium'><div class='owl-carousel owl-carousel-multiple-carousel-style'\n\t\t\t\t\t\t\tdata-owl-navigation='true'\n\t\t\t\t\t\t\tdata-owl-slide-speed='300'\n\t\t\t\t\t\t\tdata-owl-autoplay='false'\n\t\t\t\t\t\t\tdata-owl-pagination='false'\n\t\t\t\t\t\t\tdata-owl-pagination-speed='300'\n\t\t\t\t\t\t\tdata-owl-items-xs='1'data-owl-items-sm='2'data-owl-items-md='3'data-owl-items-lg='3'data-owl-items-xl='3'\n\t\t\t\t\t\t><figure class='gallery-item'>\n\t\t\t\t<div class='gallery-icon landscape'>\n\t\t\t\t\t<a href='https:\/\/hotellife.clienti4.editatest.com\/wp-content\/uploads\/2017\/10\/contenutisito_38_122.jpg' data-size=\"800x533\"><img width=\"640\" height=\"420\" src=\"https:\/\/hotellife.clienti4.editatest.com\/wp-content\/uploads\/2017\/10\/contenutisito_38_122-640x420.jpg\" class=\"attachment-medium size-medium\" alt=\"Hotel con piscina Viserbella di Rimini\" loading=\"lazy\" \/><\/a>\n\t\t\t\t<\/div><\/figure><figure class='gallery-item'>\n\t\t\t\t<div class='gallery-icon landscape'>\n\t\t\t\t\t<a href='https:\/\/hotellife.clienti4.editatest.com\/wp-content\/uploads\/2017\/10\/contenutisito_38_123.jpg' data-size=\"800x533\"><img width=\"640\" height=\"420\" src=\"https:\/\/hotellife.clienti4.editatest.com\/wp-content\/uploads\/2017\/10\/contenutisito_38_123-640x420.jpg\" class=\"attachment-medium size-medium\" alt=\"Hotel con palestra Rimini\" loading=\"lazy\" \/><\/a>\n\t\t\t\t<\/div><\/figure><figure class='gallery-item'>\n\t\t\t\t<div class='gallery-icon landscape'>\n\t\t\t\t\t<a href='https:\/\/hotellife.clienti4.editatest.com\/wp-content\/uploads\/2017\/10\/Gallery-accompagnatori-Hotel-Life.jpg' data-size=\"800x533\"><img width=\"640\" height=\"420\" src=\"https:\/\/hotellife.clienti4.editatest.com\/wp-content\/uploads\/2017\/10\/Gallery-accompagnatori-Hotel-Life-640x420.jpg\" class=\"attachment-medium size-medium\" alt=\"Centro Storico Rimini\" loading=\"lazy\" \/><\/a>\n\t\t\t\t<\/div><\/figure>\n\t\t\t<\/div>\n<\/div>\n\n","protected":false},"excerpt":{"rendered":"<p>Wir vom Hotel \u201cLife\u201d k\u00fcmmern uns um alle. Um die Radfahrer und diejenigen die hier bleiben und auf die R\u00fcckkehr der Biker warten. Wir stellen all unsere Angebote zu deiner Verf\u00fcgung wie zum Beispiel das Wellnesscenter \u201cMaisha\u201d mit speziellen Massagen und professionellen Anwendungen nur f\u00fcr dich, oder du kannst einfach den Strand und das Meer geniessen. Wir k\u00f6nnen auch die besten Shoppingtipps im Stadtzentrum geben oder euch in das fellinianische &#8230;<\/p>\n","protected":false},"author":1,"featured_media":0,"parent":0,"menu_order":0,"comment_status":"closed","ping_status":"closed","template":"","meta":[],"acf":[],"_links":{"self":[{"href":"https:\/\/hotellife.clienti4.editatest.com\/de\/wp-json\/wp\/v2\/pages\/950\/"}],"collection":[{"href":"https:\/\/hotellife.clienti4.editatest.com\/de\/wp-json\/wp\/v2\/pages\/"}],"about":[{"href":"https:\/\/hotellife.clienti4.editatest.com\/de\/wp-json\/wp\/v2\/types\/page\/"}],"author":[{"embeddable":true,"href":"https:\/\/hotellife.clienti4.editatest.com\/de\/wp-json\/wp\/v2\/users\/1\/"}],"replies":[{"embeddable":true,"href":"https:\/\/hotellife.clienti4.editatest.com\/de\/wp-json\/wp\/v2\/comments\/?post=950"}],"version-history":[{"count":0,"href":"https:\/\/hotellife.clienti4.editatest.com\/de\/wp-json\/wp\/v2\/pages\/950\/revisions\/"}],"wp:attachment":[{"href":"https:\/\/hotellife.clienti4.editatest.com\/de\/wp-json\/wp\/v2\/media\/?parent=950"}],"curies":[{"name":"wp","href":"https:\/\/api.w.org\/{rel}","templated":true}]}}