{"id":941,"date":"2017-10-26T12:23:33","date_gmt":"2017-10-26T10:23:33","guid":{"rendered":"https:\/\/hotellife.clienti4.editatest.com\/ristorante\/"},"modified":"2022-04-20T07:58:10","modified_gmt":"2022-04-20T05:58:10","slug":"restaurant","status":"publish","type":"page","link":"https:\/\/hotellife.clienti4.editatest.com\/de\/restaurant\/","title":{"rendered":"Ristorante: dove internazionalit\u00e0 a creativit\u00e0 si incontrano"},"content":{"rendered":"<div style=\"float: left; width: 60%;\"><img loading=\"lazy\" class=\"size-medium wp-image-722\" style=\"float: left;\" src=\"https:\/\/hotellife.clienti4.editatest.com\/wp-content\/uploads\/2017\/10\/ristorante-1-640x420.jpg\" alt=\"\" width=\"640\" height=\"420\" data-big-size=\"640x540\" \/><\/div>\n<div style=\"float: left; width: 40%;\">\n<p><strong>Wenn man Fr\u00fchst\u00fcck sagt<\/strong><\/p>\n<p>meint man den wichtigsten Moment des Tages:<br \/>\nvor allem im Urlaub ist es unumg\u00e4nglich den Tag mit voller Genugtuung zu beginnen.<br \/>\nGenau deshalb versuchen wir dem Fr\u00fchst\u00fccksbuffett eine ganz besondere Aufmerksamkeit zu schenken:<br \/>\nunsere G\u00e4ste werden verw\u00f6hnt mit alldem was es braucht um den Gaumen und die Gesundheit gl\u00fccklich zu machen.<\/p>\n<\/div>\n<div style=\"clear: both;\"><\/div>\n<hr \/>\n<div style=\"float: right; width: 60%;\"><img loading=\"lazy\" class=\"wp-image-727 size-medium alignright\" style=\"float: right;\" src=\"https:\/\/hotellife.clienti4.editatest.com\/wp-content\/uploads\/2017\/10\/ristorante-2-640x420.jpg\" alt=\"\" width=\"640\" height=\"420\" data-big-size=\"640x540\" \/><\/div>\n<div style=\"float: right; width: 40%;\"><strong>Es ist eine romagnolische K\u00fcche<\/strong><\/div>\n<div><\/div>\n<div><\/div>\n<div style=\"float: right; width: 40%;\">Eine authentische K\u00fcche, die unsere Seele widerspiegelt. Das Beste unserer Tradition:<br \/>\nDas Fleisch von unserem Hinterland und der Fisch aus unserem Meer.<br \/>\nAber wir sind auch ein Hotel f\u00fcr die Sportlichen unter euch und bieten zum Beispiel f\u00fcr die Radfahrer die Leichtigkeit einer delikaten und perfekten K\u00fcche.<br \/>\nDie Fantasie unseres Kochs und die gepflegte Presentation der Speisen macht alles noch besser. F\u00fcr Gaumen und Augen.<br \/>\nJeden Tag werden unsere Fisch, Fleisch, Gem\u00fcse und Salatgerichte in einem gem\u00fctlichen und stimmungsvollen Ambiente direkt am Meer pr\u00e4sentiert.<br \/>\nSie finden immer ein Buffet mit Gem\u00fcse und Desserts.<\/div>\n<div style=\"clear: both;\"><\/div>\n<hr \/>\n<div style=\"float: left; width: 60%;\"><img loading=\"lazy\" class=\"alignnone wp-image-1131 size-medium\" src=\"https:\/\/hotellife.clienti4.editatest.com\/wp-content\/uploads\/2017\/10\/Ristorante-01-Hotel-Life-640x420.jpg\" alt=\"\" width=\"640\" height=\"420\" data-big-size=\"640x540\" \/><\/div>\n<div style=\"float: left; width: 40%;\"><strong>Ein Urlaub im Hotel \u201cLife\u201d bedeutet Energie<\/strong><\/div>\n<div style=\"float: left; width: 40%;\">und Kraft und auch in unserem Restaurant m\u00f6chten wir die W\u00fcnsche aller befriedigen. Hier findest du unser Land und Meer zu Tisch.<br \/>\nUnsere K\u00fcche ist die Identit\u00e4t der Romagna, denn unsere kulinarische Geschichte ist ber\u00fchmt und einfach k\u00f6stlich!<br \/>\nAlles wird nach unserem Motto \u201cnatural style\u201d behandelt:<br \/>\nDer Speisesaal mit Blick auf den Horizont und das Meer und die frischen Einzelheiten die uns kennzeichnen.<br \/>\nDas Meer findet sich zum Beispiel auch zu Tisch wieder:<br \/>\nin der \u201cmise en place\u201d, dem Aufdruck der Servietten und in allen Details die wir lieben und nicht dem Zufall \u00fcberlassen.<br \/>\nIm Restaurant werden sie Tiere jeglicher Art nicht erlaubt.<\/div>\n<div style=\"clear: both;\"><\/div>\n<hr \/>\n<h2>Ein guter Morgen beginnt mit einem L\u00e4cheln&#8230;<\/h2>\n<p><strong>\u2026und geht weiter mit Geschmack, Variation und der Verpflichtung bis ins kleinste Detail deine Speisen zuzubereiten!<\/strong><\/p>\n<p>&nbsp;<\/p>\n","protected":false},"excerpt":{"rendered":"<p>Wenn man Fr\u00fchst\u00fcck sagt meint man den wichtigsten Moment des Tages: vor allem im Urlaub ist es unumg\u00e4nglich den Tag mit voller Genugtuung zu beginnen. Genau deshalb versuchen wir dem Fr\u00fchst\u00fccksbuffett eine ganz besondere Aufmerksamkeit zu schenken: unsere G\u00e4ste werden verw\u00f6hnt mit alldem was es braucht um den Gaumen und die Gesundheit gl\u00fccklich zu machen. Es ist eine romagnolische K\u00fcche Eine authentische K\u00fcche, die unsere Seele widerspiegelt. Das Beste unserer &#8230;<\/p>\n","protected":false},"author":1,"featured_media":0,"parent":0,"menu_order":0,"comment_status":"closed","ping_status":"closed","template":"","meta":[],"acf":[],"_links":{"self":[{"href":"https:\/\/hotellife.clienti4.editatest.com\/de\/wp-json\/wp\/v2\/pages\/941\/"}],"collection":[{"href":"https:\/\/hotellife.clienti4.editatest.com\/de\/wp-json\/wp\/v2\/pages\/"}],"about":[{"href":"https:\/\/hotellife.clienti4.editatest.com\/de\/wp-json\/wp\/v2\/types\/page\/"}],"author":[{"embeddable":true,"href":"https:\/\/hotellife.clienti4.editatest.com\/de\/wp-json\/wp\/v2\/users\/1\/"}],"replies":[{"embeddable":true,"href":"https:\/\/hotellife.clienti4.editatest.com\/de\/wp-json\/wp\/v2\/comments\/?post=941"}],"version-history":[{"count":0,"href":"https:\/\/hotellife.clienti4.editatest.com\/de\/wp-json\/wp\/v2\/pages\/941\/revisions\/"}],"wp:attachment":[{"href":"https:\/\/hotellife.clienti4.editatest.com\/de\/wp-json\/wp\/v2\/media\/?parent=941"}],"curies":[{"name":"wp","href":"https:\/\/api.w.org\/{rel}","templated":true}]}}