{"id":917,"date":"2017-11-09T12:21:02","date_gmt":"2017-11-09T11:21:02","guid":{"rendered":"https:\/\/hotellife.clienti4.editatest.com\/centro-benessere\/"},"modified":"2019-10-01T15:44:34","modified_gmt":"2019-10-01T13:44:34","slug":"unser-welness-center","status":"publish","type":"page","link":"https:\/\/hotellife.clienti4.editatest.com\/de\/unser-welness-center\/","title":{"rendered":"Unser Welness Center \u201cMaisha\u201d"},"content":{"rendered":"<p><strong>Unser Welness \u2013 Center \u201cMaisha\u201d,t\u00e4glich von 16 bis 21 Uhr nach vorheriger Reservierung gegen Geb\u00fchr ge\u00f6ffnet, <\/strong>vervollst\u00e4ndigt unseren erfrischenden und gleichzeitig erholsamen Empfang. \u201cMaisha\u201d stellt Ihnen einen gro\u00dfen Whirlpool, ein t\u00fcrkisches Bad, Erlebnissduschen und einen ruhigen Relaxraum mit therapeutischen D\u00fcften zur Verf\u00fcgung.<\/p>\n<p><strong>Es ist eine kleine Oase der Ruhe und Magie, <\/strong>die dank der Farben der Fliesen noch faszinierender wirkt. Es gibt auch eine Massagenkabine sowie ein Solarium, welches f\u00fcr die richtige Br\u00e4une sorgt. Die Sportlichen unter Ihnen k\u00f6nnen das professionelle Technogym- Fitnessstudio mit gro\u00dfem Fernseher benutzen.<\/p>\n<div id='gallery-1' class='gallery galleryid-917  gallery-size-medium'><div class='owl-carousel owl-carousel-multiple-carousel-style'\n\t\t\t\t\t\t\tdata-owl-navigation='true'\n\t\t\t\t\t\t\tdata-owl-slide-speed='300'\n\t\t\t\t\t\t\tdata-owl-autoplay='false'\n\t\t\t\t\t\t\tdata-owl-pagination='false'\n\t\t\t\t\t\t\tdata-owl-pagination-speed='300'\n\t\t\t\t\t\t\tdata-owl-items-xs='1'data-owl-items-sm='2'data-owl-items-md='3'data-owl-items-lg='3'data-owl-items-xl='3'\n\t\t\t\t\t\t><figure class='gallery-item'>\n\t\t\t\t<div class='gallery-icon landscape'>\n\t\t\t\t\t<a href='https:\/\/hotellife.clienti4.editatest.com\/wp-content\/uploads\/2017\/11\/contenutisito_19_77.jpg' data-size=\"800x488\"><img width=\"640\" height=\"420\" src=\"https:\/\/hotellife.clienti4.editatest.com\/wp-content\/uploads\/2017\/11\/contenutisito_19_77-640x420.jpg\" class=\"attachment-medium size-medium\" alt=\"Hotel Rimini con palestra attrezzi pesi\" loading=\"lazy\" \/><\/a>\n\t\t\t\t<\/div><\/figure><figure class='gallery-item'>\n\t\t\t\t<div class='gallery-icon landscape'>\n\t\t\t\t\t<a href='https:\/\/hotellife.clienti4.editatest.com\/wp-content\/uploads\/2017\/11\/contenutisito_19_78.jpg' data-size=\"800x533\"><img width=\"640\" height=\"420\" src=\"https:\/\/hotellife.clienti4.editatest.com\/wp-content\/uploads\/2017\/11\/contenutisito_19_78-640x420.jpg\" class=\"attachment-medium size-medium\" alt=\"Hotel con solarium Rimini\" loading=\"lazy\" \/><\/a>\n\t\t\t\t<\/div><\/figure><figure class='gallery-item'>\n\t\t\t\t<div class='gallery-icon landscape'>\n\t\t\t\t\t<a href='https:\/\/hotellife.clienti4.editatest.com\/wp-content\/uploads\/2017\/11\/contenutisito_19_79.jpg' data-size=\"800x533\"><img width=\"640\" height=\"420\" src=\"https:\/\/hotellife.clienti4.editatest.com\/wp-content\/uploads\/2017\/11\/contenutisito_19_79-640x420.jpg\" class=\"attachment-medium size-medium\" alt=\"Hotel con lettini solarium Rimini\" loading=\"lazy\" \/><\/a>\n\t\t\t\t<\/div><\/figure>\n\t\t\t<\/div>\n<\/div>\n\n","protected":false},"excerpt":{"rendered":"<p>Unser Welness \u2013 Center \u201cMaisha\u201d,t\u00e4glich von 16 bis 21 Uhr nach vorheriger Reservierung gegen Geb\u00fchr ge\u00f6ffnet, vervollst\u00e4ndigt unseren erfrischenden und gleichzeitig erholsamen Empfang. \u201cMaisha\u201d stellt Ihnen einen gro\u00dfen Whirlpool, ein t\u00fcrkisches Bad, Erlebnissduschen und einen ruhigen Relaxraum mit therapeutischen D\u00fcften zur Verf\u00fcgung. Es ist eine kleine Oase der Ruhe und Magie, die dank der Farben der Fliesen noch faszinierender wirkt. Es gibt auch eine Massagenkabine sowie ein Solarium, welches f\u00fcr &#8230;<\/p>\n","protected":false},"author":1,"featured_media":0,"parent":0,"menu_order":0,"comment_status":"closed","ping_status":"closed","template":"","meta":[],"acf":[],"_links":{"self":[{"href":"https:\/\/hotellife.clienti4.editatest.com\/de\/wp-json\/wp\/v2\/pages\/917\/"}],"collection":[{"href":"https:\/\/hotellife.clienti4.editatest.com\/de\/wp-json\/wp\/v2\/pages\/"}],"about":[{"href":"https:\/\/hotellife.clienti4.editatest.com\/de\/wp-json\/wp\/v2\/types\/page\/"}],"author":[{"embeddable":true,"href":"https:\/\/hotellife.clienti4.editatest.com\/de\/wp-json\/wp\/v2\/users\/1\/"}],"replies":[{"embeddable":true,"href":"https:\/\/hotellife.clienti4.editatest.com\/de\/wp-json\/wp\/v2\/comments\/?post=917"}],"version-history":[{"count":0,"href":"https:\/\/hotellife.clienti4.editatest.com\/de\/wp-json\/wp\/v2\/pages\/917\/revisions\/"}],"wp:attachment":[{"href":"https:\/\/hotellife.clienti4.editatest.com\/de\/wp-json\/wp\/v2\/media\/?parent=917"}],"curies":[{"name":"wp","href":"https:\/\/api.w.org\/{rel}","templated":true}]}}