{"id":663,"date":"2017-10-26T12:17:11","date_gmt":"2017-10-26T10:17:11","guid":{"rendered":"https:\/\/hotellife.clienti4.editatest.com\/guide\/"},"modified":"2018-01-09T14:36:14","modified_gmt":"2018-01-09T13:36:14","slug":"fuhrer","status":"publish","type":"page","link":"https:\/\/hotellife.clienti4.editatest.com\/de\/fuhrer\/","title":{"rendered":"Fragt uns nach einer gef\u00fchrten unvergesslichen Radtour!"},"content":{"rendered":"<p>Ein Radhotel zu sein bedeutet auch spezielle Services f\u00fcr gro\u00dfe Professionalit\u00e4t bieten zu k\u00f6nnen. <strong>Es ist zum Beispiel wichtig die richtigen Bikeguides f\u00fcr die Radtouren zu stellen.<\/strong><br \/>\nEs ist wichtig das Gebiet genau zu kennen, den Schwierigkeitsgrad der Strecken zu wissen und die Empathie zu besitzen in den richtigen Momenten zu motivieren und Enthusiasmus zu sch\u00fcren.<br \/>\nDas Fahrrad ist eine Leidenschaft und die richtigen Personen machen den Unterschied. F\u00fcr uns und f\u00fcr euch, die ein unvergessliche sportliche Erfahrung in unserer wundersch\u00f6nen Region erleben m\u00f6chtet. <strong>Hier im Hotel \u201cLife\u201d haben wir die richtigen Kontakte. <\/strong><\/p>\n<div id='gallery-1' class='gallery galleryid-663  gallery-size-medium'><div class='owl-carousel owl-carousel-multiple-carousel-style'\n\t\t\t\t\t\t\tdata-owl-navigation='true'\n\t\t\t\t\t\t\tdata-owl-slide-speed='300'\n\t\t\t\t\t\t\tdata-owl-autoplay='false'\n\t\t\t\t\t\t\tdata-owl-pagination='false'\n\t\t\t\t\t\t\tdata-owl-pagination-speed='300'\n\t\t\t\t\t\t\tdata-owl-items-xs='1'data-owl-items-sm='2'data-owl-items-md='3'data-owl-items-lg='3'data-owl-items-xl='3'\n\t\t\t\t\t\t><figure class='gallery-item'>\n\t\t\t\t<div class='gallery-icon landscape'>\n\t\t\t\t\t<a href='https:\/\/hotellife.clienti4.editatest.com\/wp-content\/uploads\/2017\/10\/contenutisito_31_112.jpg' data-size=\"800x600\"><img width=\"640\" height=\"420\" src=\"https:\/\/hotellife.clienti4.editatest.com\/wp-content\/uploads\/2017\/10\/contenutisito_31_112-640x420.jpg\" class=\"attachment-medium size-medium\" alt=\"Percorsi itinerari bike hotel\" loading=\"lazy\" \/><\/a>\n\t\t\t\t<\/div><\/figure><figure class='gallery-item'>\n\t\t\t\t<div class='gallery-icon landscape'>\n\t\t\t\t\t<a href='https:\/\/hotellife.clienti4.editatest.com\/wp-content\/uploads\/2017\/10\/contenutisito_31_115.jpg' data-size=\"682x600\"><img width=\"640\" height=\"420\" src=\"https:\/\/hotellife.clienti4.editatest.com\/wp-content\/uploads\/2017\/10\/contenutisito_31_115-640x420.jpg\" class=\"attachment-medium size-medium\" alt=\"Bike Hotel Romagna\" loading=\"lazy\" \/><\/a>\n\t\t\t\t<\/div><\/figure><figure class='gallery-item'>\n\t\t\t\t<div class='gallery-icon landscape'>\n\t\t\t\t\t<a href='https:\/\/hotellife.clienti4.editatest.com\/wp-content\/uploads\/2017\/10\/contenutisito_31_114.jpg' data-size=\"800x600\"><img width=\"640\" height=\"420\" src=\"https:\/\/hotellife.clienti4.editatest.com\/wp-content\/uploads\/2017\/10\/contenutisito_31_114-640x420.jpg\" class=\"attachment-medium size-medium\" alt=\"Percorsi Bike Hotel Viserbella di Rimini\" loading=\"lazy\" \/><\/a>\n\t\t\t\t<\/div><\/figure>\n\t\t\t<\/div>\n<\/div>\n\n","protected":false},"excerpt":{"rendered":"<p>Ein Radhotel zu sein bedeutet auch spezielle Services f\u00fcr gro\u00dfe Professionalit\u00e4t bieten zu k\u00f6nnen. Es ist zum Beispiel wichtig die richtigen Bikeguides f\u00fcr die Radtouren zu stellen. Es ist wichtig das Gebiet genau zu kennen, den Schwierigkeitsgrad der Strecken zu wissen und die Empathie zu besitzen in den richtigen Momenten zu motivieren und Enthusiasmus zu sch\u00fcren. Das Fahrrad ist eine Leidenschaft und die richtigen Personen machen den Unterschied. F\u00fcr uns &#8230;<\/p>\n","protected":false},"author":1,"featured_media":0,"parent":0,"menu_order":0,"comment_status":"closed","ping_status":"closed","template":"","meta":[],"acf":[],"_links":{"self":[{"href":"https:\/\/hotellife.clienti4.editatest.com\/de\/wp-json\/wp\/v2\/pages\/663\/"}],"collection":[{"href":"https:\/\/hotellife.clienti4.editatest.com\/de\/wp-json\/wp\/v2\/pages\/"}],"about":[{"href":"https:\/\/hotellife.clienti4.editatest.com\/de\/wp-json\/wp\/v2\/types\/page\/"}],"author":[{"embeddable":true,"href":"https:\/\/hotellife.clienti4.editatest.com\/de\/wp-json\/wp\/v2\/users\/1\/"}],"replies":[{"embeddable":true,"href":"https:\/\/hotellife.clienti4.editatest.com\/de\/wp-json\/wp\/v2\/comments\/?post=663"}],"version-history":[{"count":0,"href":"https:\/\/hotellife.clienti4.editatest.com\/de\/wp-json\/wp\/v2\/pages\/663\/revisions\/"}],"wp:attachment":[{"href":"https:\/\/hotellife.clienti4.editatest.com\/de\/wp-json\/wp\/v2\/media\/?parent=663"}],"curies":[{"name":"wp","href":"https:\/\/api.w.org\/{rel}","templated":true}]}}