{"id":657,"date":"2017-11-13T16:16:43","date_gmt":"2017-11-13T15:16:43","guid":{"rendered":"https:\/\/hotellife.clienti4.editatest.com\/servizi-bike\/"},"modified":"2018-01-09T14:29:52","modified_gmt":"2018-01-09T13:29:52","slug":"bikeangebote","status":"publish","type":"page","link":"https:\/\/hotellife.clienti4.editatest.com\/de\/bikeangebote\/","title":{"rendered":"Bikeangebote"},"content":{"rendered":"<p><strong>Wir richten viel Aufmerksamkeit auf unsere Fahrradfreunde. <\/strong>Wir stellen hier eine Liste f\u00fcr die passionierten Sportler auf um eine Idee unserer Angebote<br \/>\nbekommen zu k\u00f6nne:<\/p>\n<ul>\n<li><strong>Hintereingang f\u00fcr die Fahrr\u00e4der mit eigener Ramp<\/strong>e f\u00fcr die Zweir\u00e4der;<\/li>\n<li><strong>Freie Benutzung von unserem Welnesscenter \u201cMaisha\u201d<\/strong> (t\u00fcrkisches Bad, Erlebnissduschen, Whirlpool und Ruheliege mit Farbtherapie);<\/li>\n<li><strong>Freie Benutzung unseres professionellen Fitnessstudio mit Technogymger\u00e4ten<\/strong>;<\/li>\n<li><strong>Waschservice<\/strong> bei R\u00fcckkehr der Ausfl\u00fcg;<\/li>\n<li><strong>Sichere Radkammer<\/strong>;<\/li>\n<li>Eigener Platz um eventuelle <strong>Reparaturen und Instandhaltung<\/strong> der Fahrr\u00e4der vorzunehmen;<\/li>\n<li><strong>Pl\u00e4ne wo Streckenl\u00e4nge und Schwierigkeitsgrad<\/strong> eingezeichnet sind;<\/li>\n<li><strong>M\u00f6glichkeit eine Fahrradtour<\/strong> mit einem professionellen Bikeguide zu machen;<\/li>\n<li><strong>M\u00f6glichkeit Fahrradverleih<\/strong>;<\/li>\n<li><strong>Maxi Fr\u00fchst\u00fcck<\/strong> (extra reiches Fr\u00fchst\u00fccksbuffet mit besonderem Augenmerk auf Sportler). Als Biker hat man gewisse Bed\u00fcrfnisse, die fondamental sind. Sie ben\u00f6tigen zum Beispiel vor dem Start die richtige Energie am Morgen f\u00fcr eine Tour durch das versteckte Hinterland Riminis. Und f\u00fcr uns ist es ein ganz besonderes Vergn\u00fcgen sie mit einem k\u00f6stlichen Fr\u00fchst\u00fcck zu verw\u00f6hnen: das Buffet ist extra f\u00fcr sie reich an zus\u00e4tzlichen s\u00fc\u00dfen und salzigen Gerichten, welche jeden einzelnen gl\u00fccklich machen und nat\u00fcrlich die ben\u00f6tigten reichhaltige Zutaten beinhalten. Denn die Zufriedenheit der Radfahrer ist auch die unsere. Zu Tisch und auf dem Bike.<\/li>\n<li><strong>Maxi Halbpension<\/strong> (extra reiches Abendbuffet mit besonderem Augenmerk auf Sportler). Wenn unsere Biker zur\u00fcckkommen haben sie Hunger! Auf zwei R\u00e4dern auf den unvergesslichen Strecken haben sie mit gro\u00dfer Anstrengung eine wunderbare Erfahrung gesammelt und brauchen jetzt etwas um sich wieder aufzuladen! Daran denken wir: hier im Hotel \u201cLife\u201d bieten wir extra f\u00fcr die Biker ein noch reicheres, leckereres und vielf\u00e4ltigeres Buffet an, um den Appetit bestm\u00f6glich zu stillen.<br \/>\nDie Super Halbpension ist genau das. Hier wird besonders wert darauf gelegt, dass diejenigen die zu uns kommen alle Besonderheiten genie\u00dfen k\u00f6nnen um bestm\u00f6glich das Gebiet auf zwei R\u00e4dern erkunden zu k\u00f6nnen. Es ist eure, aber auch unsere Leidenschaft.<\/li>\n<\/ul>\n<div id='gallery-1' class='gallery galleryid-657  gallery-size-medium'><div class='owl-carousel owl-carousel-multiple-carousel-style'\n\t\t\t\t\t\t\tdata-owl-navigation='true'\n\t\t\t\t\t\t\tdata-owl-slide-speed='300'\n\t\t\t\t\t\t\tdata-owl-autoplay='false'\n\t\t\t\t\t\t\tdata-owl-pagination='false'\n\t\t\t\t\t\t\tdata-owl-pagination-speed='300'\n\t\t\t\t\t\t\tdata-owl-items-xs='1'data-owl-items-sm='2'data-owl-items-md='3'data-owl-items-lg='3'data-owl-items-xl='3'\n\t\t\t\t\t\t><figure class='gallery-item'>\n\t\t\t\t<div class='gallery-icon landscape'>\n\t\t\t\t\t<a href='https:\/\/hotellife.clienti4.editatest.com\/wp-content\/uploads\/2017\/11\/servizi-bike.jpg' data-size=\"800x600\"><img width=\"640\" height=\"420\" src=\"https:\/\/hotellife.clienti4.editatest.com\/wp-content\/uploads\/2017\/11\/servizi-bike-640x420.jpg\" class=\"attachment-medium size-medium\" alt=\"Hotel Bike Rimini per ciclisti\" loading=\"lazy\" \/><\/a>\n\t\t\t\t<\/div><\/figure><figure class='gallery-item'>\n\t\t\t\t<div class='gallery-icon landscape'>\n\t\t\t\t\t<a href='https:\/\/hotellife.clienti4.editatest.com\/wp-content\/uploads\/2017\/11\/contenutisito_18_110.jpg' data-size=\"800x462\"><img width=\"640\" height=\"420\" src=\"https:\/\/hotellife.clienti4.editatest.com\/wp-content\/uploads\/2017\/11\/contenutisito_18_110-640x420.jpg\" class=\"attachment-medium size-medium\" alt=\"Hotel con servizi bike\" loading=\"lazy\" \/><\/a>\n\t\t\t\t<\/div><\/figure><figure class='gallery-item'>\n\t\t\t\t<div class='gallery-icon landscape'>\n\t\t\t\t\t<a href='https:\/\/hotellife.clienti4.editatest.com\/wp-content\/uploads\/2017\/11\/contenutisito_18_111.jpg' data-size=\"800x600\"><img width=\"640\" height=\"420\" src=\"https:\/\/hotellife.clienti4.editatest.com\/wp-content\/uploads\/2017\/11\/contenutisito_18_111-640x420.jpg\" class=\"attachment-medium size-medium\" alt=\"Hotel Rimini con Officina biciclette\" loading=\"lazy\" \/><\/a>\n\t\t\t\t<\/div><\/figure><figure class='gallery-item'>\n\t\t\t\t<div class='gallery-icon landscape'>\n\t\t\t\t\t<a href='https:\/\/hotellife.clienti4.editatest.com\/wp-content\/uploads\/2017\/11\/contenutisito_18_133.jpg' data-size=\"751x600\"><img width=\"640\" height=\"420\" src=\"https:\/\/hotellife.clienti4.editatest.com\/wp-content\/uploads\/2017\/11\/contenutisito_18_133-640x420.jpg\" class=\"attachment-medium size-medium\" alt=\"Bike Hotel Rimini Viserbella\" loading=\"lazy\" \/><\/a>\n\t\t\t\t<\/div><\/figure>\n\t\t\t<\/div>\n<\/div>\n\n<p>&nbsp;<\/p>\n","protected":false},"excerpt":{"rendered":"<p>Wir richten viel Aufmerksamkeit auf unsere Fahrradfreunde. Wir stellen hier eine Liste f\u00fcr die passionierten Sportler auf um eine Idee unserer Angebote bekommen zu k\u00f6nne: Hintereingang f\u00fcr die Fahrr\u00e4der mit eigener Rampe f\u00fcr die Zweir\u00e4der; Freie Benutzung von unserem Welnesscenter \u201cMaisha\u201d (t\u00fcrkisches Bad, Erlebnissduschen, Whirlpool und Ruheliege mit Farbtherapie); Freie Benutzung unseres professionellen Fitnessstudio mit Technogymger\u00e4ten; Waschservice bei R\u00fcckkehr der Ausfl\u00fcg; Sichere Radkammer; Eigener Platz um eventuelle Reparaturen und Instandhaltung &#8230;<\/p>\n","protected":false},"author":1,"featured_media":0,"parent":0,"menu_order":0,"comment_status":"closed","ping_status":"closed","template":"","meta":[],"acf":[],"_links":{"self":[{"href":"https:\/\/hotellife.clienti4.editatest.com\/de\/wp-json\/wp\/v2\/pages\/657\/"}],"collection":[{"href":"https:\/\/hotellife.clienti4.editatest.com\/de\/wp-json\/wp\/v2\/pages\/"}],"about":[{"href":"https:\/\/hotellife.clienti4.editatest.com\/de\/wp-json\/wp\/v2\/types\/page\/"}],"author":[{"embeddable":true,"href":"https:\/\/hotellife.clienti4.editatest.com\/de\/wp-json\/wp\/v2\/users\/1\/"}],"replies":[{"embeddable":true,"href":"https:\/\/hotellife.clienti4.editatest.com\/de\/wp-json\/wp\/v2\/comments\/?post=657"}],"version-history":[{"count":0,"href":"https:\/\/hotellife.clienti4.editatest.com\/de\/wp-json\/wp\/v2\/pages\/657\/revisions\/"}],"wp:attachment":[{"href":"https:\/\/hotellife.clienti4.editatest.com\/de\/wp-json\/wp\/v2\/media\/?parent=657"}],"curies":[{"name":"wp","href":"https:\/\/api.w.org\/{rel}","templated":true}]}}