{"id":651,"date":"2016-08-01T14:55:13","date_gmt":"2016-08-01T12:55:13","guid":{"rendered":"https:\/\/hotellife.clienti4.editatest.com\/servizi-family\/"},"modified":"2021-09-20T17:18:37","modified_gmt":"2021-09-20T15:18:37","slug":"familienangebote","status":"publish","type":"page","link":"https:\/\/hotellife.clienti4.editatest.com\/de\/familienangebote\/","title":{"rendered":"Die Familie f\u00fchlt sich im Hotel \u201cLife\u201d wohl"},"content":{"rendered":"<p>Warum? Wir versuchen den Komfort mit Worten auszudr\u00fccken, den eine Mutter genie\u00dft wenn sie eine voll ausgestattete K\u00fcche mit K\u00fchlschrank und Kochstelle zur Verf\u00fcgung hat, wo sie zu jeder Zeit ein Babyfl\u00e4schchen aufw\u00e4rmen oder einen Pudding zubereiten kann. Hinzuzuf\u00fcgen ist, dass der Koch t\u00e4glich frische Gem\u00fcsesuppen und Brei herstellt: somit k\u00f6nnen die M\u00fctter die Mahlzeiten f\u00fcr ihre Kleinen ganz nach Wunsch vorbereiten.<\/p>\n<div style=\"clear: both\"><\/div>\n<div id='gallery-1' class='gallery galleryid-651  gallery-size-medium'><div class='owl-carousel owl-carousel-multiple-carousel-style'\n\t\t\t\t\t\t\tdata-owl-navigation='true'\n\t\t\t\t\t\t\tdata-owl-slide-speed='300'\n\t\t\t\t\t\t\tdata-owl-autoplay='false'\n\t\t\t\t\t\t\tdata-owl-pagination='false'\n\t\t\t\t\t\t\tdata-owl-pagination-speed='300'\n\t\t\t\t\t\t\tdata-owl-items-xs='1'data-owl-items-sm='2'data-owl-items-md='3'data-owl-items-lg='3'data-owl-items-xl='3'\n\t\t\t\t\t\t><figure class='gallery-item'>\n\t\t\t\t<div class='gallery-icon landscape'>\n\t\t\t\t\t<a href='https:\/\/hotellife.clienti4.editatest.com\/wp-content\/uploads\/2016\/08\/Family-Hotel-Life.jpg' data-size=\"800x438\"><img width=\"640\" height=\"420\" src=\"https:\/\/hotellife.clienti4.editatest.com\/wp-content\/uploads\/2016\/08\/Family-Hotel-Life-640x420.jpg\" class=\"attachment-medium size-medium\" alt=\"Hotel per Famiglie a Viserbella di Rimini\" loading=\"lazy\" \/><\/a>\n\t\t\t\t<\/div><\/figure><figure class='gallery-item'>\n\t\t\t\t<div class='gallery-icon landscape'>\n\t\t\t\t\t<a href='https:\/\/hotellife.clienti4.editatest.com\/wp-content\/uploads\/2016\/08\/contenutisito_22_87.jpg' data-size=\"800x532\"><img width=\"640\" height=\"420\" src=\"https:\/\/hotellife.clienti4.editatest.com\/wp-content\/uploads\/2016\/08\/contenutisito_22_87-640x420.jpg\" class=\"attachment-medium size-medium\" alt=\"Life Style Hotel per famiglie Viserbella\" loading=\"lazy\" \/><\/a>\n\t\t\t\t<\/div><\/figure><figure class='gallery-item'>\n\t\t\t\t<div class='gallery-icon landscape'>\n\t\t\t\t\t<a href='https:\/\/hotellife.clienti4.editatest.com\/wp-content\/uploads\/2016\/08\/contenutisito_22_88.jpg' data-size=\"800x600\"><img width=\"640\" height=\"420\" src=\"https:\/\/hotellife.clienti4.editatest.com\/wp-content\/uploads\/2016\/08\/contenutisito_22_88-640x420.jpg\" class=\"attachment-medium size-medium\" alt=\"Life Style Hotel con animazione per bambini\" loading=\"lazy\" \/><\/a>\n\t\t\t\t<\/div><\/figure><figure class='gallery-item'>\n\t\t\t\t<div class='gallery-icon landscape'>\n\t\t\t\t\t<a href='https:\/\/hotellife.clienti4.editatest.com\/wp-content\/uploads\/2016\/08\/contenutisito_22_92.jpg' data-size=\"800x533\"><img width=\"640\" height=\"420\" src=\"https:\/\/hotellife.clienti4.editatest.com\/wp-content\/uploads\/2016\/08\/contenutisito_22_92-640x420.jpg\" class=\"attachment-medium size-medium\" alt=\"Life Style Hotel sulla spiaggia Viserbella\" loading=\"lazy\" \/><\/a>\n\t\t\t\t<\/div><\/figure>\n\t\t\t<\/div>\n<\/div>\n\n<p>Ausserdem k\u00f6nnen die M\u00fctter die Kinder vorher essen lassen um danach das Essen mit der Familie genie\u00dfen zu k\u00f6nnen. Es stehen Kindersitze, Kinderwagen und Wiegen f\u00fcr die kleinen G\u00e4ste zur Verf\u00fcgung. Es gibt auch ein Spielzimmer, welches reich an B\u00fcchern, Farben und Lachen ist.<br \/>\n<strong>Aber wollen wir \u00fcber das Meer sprechen?<\/strong> Bei unserem Strandbad 43 von Maurizio gibt es eine spezielle Animation f\u00fcr die Kleinen mit Spielen und Tausenden Aktivit\u00e4ten.<\/p>\n<p><strong>Der Strandservice ist kostenpflichtig.<\/strong><\/p>\n<p>Das <strong>Schwimmbad<\/strong> , offnet vom 15.05 bis zum 15.09, spielt ebenfalls eine wichtige Rolle f\u00fcr unsere G\u00e4ste: es gibt einen kleinen Wasserfall speziell f\u00fcr die Halswirbels\u00e4ule und einen geheitzten Whirlpool ausserhalb des Beckens. Die Tiefe des Schwimmbeckens liegt zwischen 1m und 1,60m. Information f\u00fcr die V\u00e4ter oder f\u00fcr diejenigen die mit dem Auto ankommen: Machen Sie sich keine Sorgen, <strong>ihr Auto ist bei uns in unserem \u00fcberwachten Park nahe des Hotels sicher<\/strong>. Das Hotel \u201cLife\u201d stellt Ihnen viele Qualit\u00e4tsservices zur Verf\u00fcgung, <strong>um den \u201cnatural style\u201d in Ruhe zu leben und zu entdecken<\/strong>.<\/p>\n","protected":false},"excerpt":{"rendered":"<p>Warum? Wir versuchen den Komfort mit Worten auszudr\u00fccken, den eine Mutter genie\u00dft wenn sie eine voll ausgestattete K\u00fcche mit K\u00fchlschrank und Kochstelle zur Verf\u00fcgung hat, wo sie zu jeder Zeit ein Babyfl\u00e4schchen aufw\u00e4rmen oder einen Pudding zubereiten kann. Hinzuzuf\u00fcgen ist, dass der Koch t\u00e4glich frische Gem\u00fcsesuppen und Brei herstellt: somit k\u00f6nnen die M\u00fctter die Mahlzeiten f\u00fcr ihre Kleinen ganz nach Wunsch vorbereiten. Ausserdem k\u00f6nnen die M\u00fctter die Kinder vorher essen &#8230;<\/p>\n","protected":false},"author":1,"featured_media":0,"parent":0,"menu_order":0,"comment_status":"closed","ping_status":"closed","template":"","meta":[],"acf":[],"_links":{"self":[{"href":"https:\/\/hotellife.clienti4.editatest.com\/de\/wp-json\/wp\/v2\/pages\/651\/"}],"collection":[{"href":"https:\/\/hotellife.clienti4.editatest.com\/de\/wp-json\/wp\/v2\/pages\/"}],"about":[{"href":"https:\/\/hotellife.clienti4.editatest.com\/de\/wp-json\/wp\/v2\/types\/page\/"}],"author":[{"embeddable":true,"href":"https:\/\/hotellife.clienti4.editatest.com\/de\/wp-json\/wp\/v2\/users\/1\/"}],"replies":[{"embeddable":true,"href":"https:\/\/hotellife.clienti4.editatest.com\/de\/wp-json\/wp\/v2\/comments\/?post=651"}],"version-history":[{"count":0,"href":"https:\/\/hotellife.clienti4.editatest.com\/de\/wp-json\/wp\/v2\/pages\/651\/revisions\/"}],"wp:attachment":[{"href":"https:\/\/hotellife.clienti4.editatest.com\/de\/wp-json\/wp\/v2\/media\/?parent=651"}],"curies":[{"name":"wp","href":"https:\/\/api.w.org\/{rel}","templated":true}]}}