{"id":619,"date":"2017-10-19T09:58:18","date_gmt":"2017-10-19T07:58:18","guid":{"rendered":"https:\/\/hotellife.clienti4.editatest.com\/camere\/"},"modified":"2021-09-19T09:53:12","modified_gmt":"2021-09-19T07:53:12","slug":"zimmer","status":"publish","type":"page","link":"https:\/\/hotellife.clienti4.editatest.com\/de\/zimmer\/","title":{"rendered":"In unseren Zimmern steckt ein Teil von uns"},"content":{"rendered":"<p>Wir haben das Meer mit all seinen Details studiert; die Besonderheiten der Natur herausgepickt; die grossen Bilder auf dem Kopfende der Betten selbst gew\u00e4hlt.<\/p>\n<p><strong>Ja wir wollen, dass euere Erfahrung im Hotel \u201cLife\u201d einzigartig ist: <\/strong>wir wollen euch die Sch\u00f6nheit des Meeres innerhalb und ausserhalb des Zimmers n\u00e4her bringen; wir wollen euch mit der Kraft der Natur inspirieren damit deren Lebenskraft bis zu euren Herzen und K\u00f6pfen dringen kann. In unseren Zimmern sind wir kleine Haustiere erlaubt (H\u00f6chstgewicht 8 kg).<\/p>\n","protected":false},"excerpt":{"rendered":"<p>Wir haben das Meer mit all seinen Details studiert; die Besonderheiten der Natur herausgepickt; die grossen Bilder auf dem Kopfende der Betten selbst gew\u00e4hlt. Ja wir wollen, dass euere Erfahrung im Hotel \u201cLife\u201d einzigartig ist: wir wollen euch die Sch\u00f6nheit des Meeres innerhalb und ausserhalb des Zimmers n\u00e4her bringen; wir wollen euch mit der Kraft der Natur inspirieren damit deren Lebenskraft bis zu euren Herzen und K\u00f6pfen dringen kann. In &#8230;<\/p>\n","protected":false},"author":1,"featured_media":0,"parent":0,"menu_order":0,"comment_status":"closed","ping_status":"closed","template":"template\/template.camere.php","meta":[],"acf":[],"_links":{"self":[{"href":"https:\/\/hotellife.clienti4.editatest.com\/de\/wp-json\/wp\/v2\/pages\/619\/"}],"collection":[{"href":"https:\/\/hotellife.clienti4.editatest.com\/de\/wp-json\/wp\/v2\/pages\/"}],"about":[{"href":"https:\/\/hotellife.clienti4.editatest.com\/de\/wp-json\/wp\/v2\/types\/page\/"}],"author":[{"embeddable":true,"href":"https:\/\/hotellife.clienti4.editatest.com\/de\/wp-json\/wp\/v2\/users\/1\/"}],"replies":[{"embeddable":true,"href":"https:\/\/hotellife.clienti4.editatest.com\/de\/wp-json\/wp\/v2\/comments\/?post=619"}],"version-history":[{"count":0,"href":"https:\/\/hotellife.clienti4.editatest.com\/de\/wp-json\/wp\/v2\/pages\/619\/revisions\/"}],"wp:attachment":[{"href":"https:\/\/hotellife.clienti4.editatest.com\/de\/wp-json\/wp\/v2\/media\/?parent=619"}],"curies":[{"name":"wp","href":"https:\/\/api.w.org\/{rel}","templated":true}]}}