{"id":24664,"date":"2020-11-18T12:14:33","date_gmt":"2020-11-18T11:14:33","guid":{"rendered":"https:\/\/hotellife.clienti4.editatest.com\/?page_id=24664"},"modified":"2020-11-19T10:02:01","modified_gmt":"2020-11-19T09:02:01","slug":"radtouren-rimini-mit-der-familie","status":"publish","type":"page","link":"https:\/\/hotellife.clienti4.editatest.com\/de\/radtouren-rimini-mit-der-familie\/","title":{"rendered":"Radtouren mit der ganzen Familie"},"content":{"rendered":"<p><strong>Rimini und sein Hinterland<\/strong> sind Gegenden, die es zu entdecken gilt. Sch\u00e4tze der Kunst und von nat\u00fcrlicher Sch\u00f6nheit, <strong>perfekt zum Erkunden mit dem Fahrrad.<\/strong><br \/>\nDie Stadt bietet eine gro\u00dfe Vielfalt an Routen dank seinem <strong>Netz an Radwegen<\/strong>, die sich von allen bestens bew\u00e4ltigen lassen.<\/p>\n<p>&nbsp;<\/p>\n<h3><img loading=\"lazy\" class=\"alignleft wp-image-23949 size-medium\" style=\"float: left;\" src=\"https:\/\/hotellife.clienti4.editatest.com\/wp-content\/uploads\/2020\/11\/1-Anello-Verde_OK-640x420.jpg\" alt=\"\" width=\"640\" height=\"420\" data-big-size=\"800x600\" \/>Anello Verde (Radweg in der Stadt):<\/h3>\n<p><strong>einfache Route, ohne H\u00f6henunterschiede.<\/strong> F\u00fchrt durch die st\u00e4dtischen Parks und zum Lago della Cava, vorbei am r\u00f6mischen Amphitheater bis hin zum Augustusbogen und verbindet so die Sch\u00f6nheiten <strong>der Natur mit der Geschichte. <\/strong><\/p>\n<div style=\"clear: both;\"><\/div>\n<hr \/>\n<h3 style=\"text-align: left;\"><img loading=\"lazy\" class=\"wp-image-24109 size-medium alignright\" style=\"float: right;\" src=\"https:\/\/hotellife.clienti4.editatest.com\/wp-content\/uploads\/2020\/11\/2-Lungomare-Rimini_ok2-640x420.jpg\" alt=\"\" width=\"640\" height=\"420\" data-big-size=\"800x600\" \/>Lungomare Rimini- Riccione (Radweg in der Stadt):<\/h3>\n<p style=\"text-align: left;\">ca.<strong> 7,5 km<\/strong> lange Route <strong>vom Porto Canale bis zur Gemeinde Riccione.<\/strong> Dieser Rad- und Fu\u00dfweg geh\u00f6rt zu einem Projekt zur funktionalen Neugestaltung der Strandpromenade von Rimini, um eine nachhaltige Stadt zu erschaffen.<\/p>\n<p style=\"text-align: left;\">Der <strong>Blick auf das Meer<\/strong> ist wirklich eindr\u00fccklich. Machen Sie unterwegs einen kleinen \u201eBoxenstopp\u201c, um zu fotografieren und sich einen Imbiss an einem der zahlreichen Kioske an der Strandpromenade zu g\u00f6nnen: Eine <strong>k\u00f6stliche Piadina<\/strong> ist genau das, was Sie brauchen, um wieder voller Energie in die Pedale zu treten!<\/p>\n<div style=\"clear: both;\"><\/div>\n<hr \/>\n<h3><img loading=\"lazy\" class=\"alignleft wp-image-24863 size-medium\" style=\"float: left;\" src=\"https:\/\/hotellife.clienti4.editatest.com\/wp-content\/uploads\/2020\/11\/3-4-Rimini-Ponte-Verucchio-640x420.jpg\" alt=\"\" width=\"640\" height=\"420\" data-big-size=\"800x600\" \/>Radweg am Fluss Marecchia:<\/h3>\n<p><strong>Route auf einer Schotterstra\u00dfe<\/strong>, auch von weniger Trainierten bestens zu bew\u00e4ltigen. Es ist aber ein Mountainbike zu empfehlen. Die Strecke f\u00fchrt <strong>vom Parco XXV Aprile nach Ponte Verucchio<\/strong>. Die Landschaft, die sich vor Ihren Augen \u00f6ffnet, besteht aus gr\u00fcnender Natur und der <strong>typischen Vegetation<\/strong> der Gegend.<\/p>\n<p>Entlang der Strecke bekommen Sie den Golfplatz von Verucchio, den Tontaubenschie\u00dfstand und den Flughafen f\u00fcr Wettbewerbsmodellflugzeuge zu Gesicht.<\/p>\n<div style=\"clear: both;\"><\/div>\n<hr \/>\n<h3 style=\"text-align: left;\"><img loading=\"lazy\" class=\"wp-image-23957 size-medium alignright\" style=\"float: right;\" src=\"https:\/\/hotellife.clienti4.editatest.com\/wp-content\/uploads\/2020\/11\/3-4-Rimini-Nuova-Feltria_ok-640x420.jpg\" alt=\"\" width=\"640\" height=\"420\" data-big-size=\"800x600\" \/>Rimini &#8211; Novafeltria:<\/h3>\n<p style=\"text-align: left;\">Nach einer Fahrt auf <strong>dem Radweg am Marecchia<\/strong>, vorbei am <strong>Santuario della Madonna di Saiano e Pietracuta<\/strong>, wo man die \u00dcberreste des <strong>Klosters San Domenico<\/strong> und des gleichnamigen Felsens bewundern kann, gelangt man nach <strong>Novafeltria<\/strong>.<\/p>\n<p style=\"text-align: left;\">Genie\u00dfen Sie eine erholsame Pause und besuchen Sie die <strong>romagnolische Gemeinde<\/strong>: Sie finden dort auch zahlreiche typische Osterien, wo Sie etwas essen k\u00f6nnen.<\/p>\n<div style=\"clear: both;\"><\/div>\n<hr \/>\n<h3><img loading=\"lazy\" class=\"alignleft wp-image-23962 size-medium\" style=\"float: left;\" src=\"https:\/\/hotellife.clienti4.editatest.com\/wp-content\/uploads\/2020\/11\/5-Rimini-Verucchio_ok-640x420.jpg\" alt=\"\" width=\"640\" height=\"420\" data-big-size=\"800x600\" \/>Rimini &#8211; Verucchio:<\/h3>\n<p>Ein fantastisches Abenteuer mitten <strong>in der Natur<\/strong>, mit einem der sch\u00f6nsten D\u00f6rfer des romagnolischen Hinterlandes als Ziel. <strong>Verucchio<\/strong> ist auch als \u201eWiege der Malatesta\u201c bekannt und bietet ein eindr\u00fcckliches Panorama, wo das Auge <strong>vom Valmarecchia \u00fcber die ganze K\u00fcste von Rimini<\/strong> schweifen kann.<\/p>\n<p>Nach einem kleinen Anstieg ins historische Zentrum ist der Moment gekommen, die hervorragenden kulinarischen und Weinspezialit\u00e4ten dieser Gegend zu probieren.<\/p>\n<div style=\"clear: both;\"><\/div>\n<hr \/>\n<h3 style=\"text-align: center;\">Wir warten in Rimini auf Sie!<\/h3>\n<p style=\"text-align: center;\">In der Zwischenzeit k\u00f6nnen Sie sich dieses wundersch\u00f6ne Video ansehen, <strong>in dem Sie die Stadt und ihr Hinterland mit dem Fahrrad entdecken.<\/strong><\/p>\n<p><iframe loading=\"lazy\" src=\"https:\/\/www.youtube.com\/embed\/W-6YeqvQF1o\" width=\"1280\" height=\"720\" frameborder=\"0\" allowfullscreen=\"allowfullscreen\"><\/iframe><\/p>\n<hr \/>\n<div id='gallery-1' class='gallery galleryid-24664  gallery-size-medium'><div class='owl-carousel owl-carousel-multiple-carousel-style'\n\t\t\t\t\t\t\tdata-owl-navigation='true'\n\t\t\t\t\t\t\tdata-owl-slide-speed='300'\n\t\t\t\t\t\t\tdata-owl-autoplay='false'\n\t\t\t\t\t\t\tdata-owl-pagination='false'\n\t\t\t\t\t\t\tdata-owl-pagination-speed='300'\n\t\t\t\t\t\t\tdata-owl-items-xs='1'data-owl-items-sm='2'data-owl-items-md='3'data-owl-items-lg='3'data-owl-items-xl='3'\n\t\t\t\t\t\t><figure class='gallery-item'>\n\t\t\t\t<div class='gallery-icon landscape'>\n\t\t\t\t\t<a href='https:\/\/hotellife.clienti4.editatest.com\/wp-content\/uploads\/2020\/11\/109817491_10157098508975966_997647230348525975_o.jpg' data-size=\"800x532\"><img width=\"640\" height=\"420\" src=\"https:\/\/hotellife.clienti4.editatest.com\/wp-content\/uploads\/2020\/11\/109817491_10157098508975966_997647230348525975_o-640x420.jpg\" class=\"attachment-medium size-medium\" alt=\"Nuovo lungomare Rimini\" loading=\"lazy\" \/><\/a>\n\t\t\t\t<\/div><\/figure><figure class='gallery-item'>\n\t\t\t\t<div class='gallery-icon landscape'>\n\t\t\t\t\t<a href='https:\/\/hotellife.clienti4.editatest.com\/wp-content\/uploads\/2017\/10\/Gallery-Percorsi-02-Hotel-Life.jpg' data-size=\"1500x900\"><img width=\"640\" height=\"420\" src=\"https:\/\/hotellife.clienti4.editatest.com\/wp-content\/uploads\/2017\/10\/Gallery-Percorsi-02-Hotel-Life-640x420.jpg\" class=\"attachment-medium size-medium\" alt=\"Itinerari e percorsi Hotel bike Rimini\" loading=\"lazy\" \/><\/a>\n\t\t\t\t<\/div><\/figure><figure class='gallery-item'>\n\t\t\t\t<div class='gallery-icon landscape'>\n\t\t\t\t\t<a href='https:\/\/hotellife.clienti4.editatest.com\/wp-content\/uploads\/2017\/10\/Gallery-percorsi-02Hotel-Life-1.jpg' data-size=\"800x533\"><img width=\"640\" height=\"420\" src=\"https:\/\/hotellife.clienti4.editatest.com\/wp-content\/uploads\/2017\/10\/Gallery-percorsi-02Hotel-Life-1-640x420.jpg\" class=\"attachment-medium size-medium\" alt=\"Percorsi Ciclisti Hotel Romagna\" loading=\"lazy\" \/><\/a>\n\t\t\t\t<\/div><\/figure><figure class='gallery-item'>\n\t\t\t\t<div class='gallery-icon landscape'>\n\t\t\t\t\t<a href='https:\/\/hotellife.clienti4.editatest.com\/wp-content\/uploads\/2017\/10\/Gallery-Percorsi-01-Hotel-Life.jpg' data-size=\"1500x900\"><img width=\"640\" height=\"420\" src=\"https:\/\/hotellife.clienti4.editatest.com\/wp-content\/uploads\/2017\/10\/Gallery-Percorsi-01-Hotel-Life-640x420.jpg\" class=\"attachment-medium size-medium\" alt=\"Percorsi in bicicletta Emilia Romagna\" loading=\"lazy\" \/><\/a>\n\t\t\t\t<\/div><\/figure><figure class='gallery-item'>\n\t\t\t\t<div class='gallery-icon landscape'>\n\t\t\t\t\t<a href='https:\/\/hotellife.clienti4.editatest.com\/wp-content\/uploads\/2020\/11\/88074356_10156678597840966_5210757269578317824_n.jpg' data-size=\"800x532\"><img width=\"640\" height=\"420\" src=\"https:\/\/hotellife.clienti4.editatest.com\/wp-content\/uploads\/2020\/11\/88074356_10156678597840966_5210757269578317824_n-640x420.jpg\" class=\"attachment-medium size-medium\" alt=\"Itinerari ciclisti Romagna\" loading=\"lazy\" \/><\/a>\n\t\t\t\t<\/div><\/figure>\n\t\t\t<\/div>\n<\/div>\n\n","protected":false},"excerpt":{"rendered":"<p>Rimini und sein Hinterland sind Gegenden, die es zu entdecken gilt. Sch\u00e4tze der Kunst und von nat\u00fcrlicher Sch\u00f6nheit, perfekt zum Erkunden mit dem Fahrrad. Die Stadt bietet eine gro\u00dfe Vielfalt an Routen dank seinem Netz an Radwegen, die sich von allen bestens bew\u00e4ltigen lassen. &nbsp; Anello Verde (Radweg in der Stadt): einfache Route, ohne H\u00f6henunterschiede. F\u00fchrt durch die st\u00e4dtischen Parks und zum Lago della Cava, vorbei am r\u00f6mischen Amphitheater bis &#8230;<\/p>\n","protected":false},"author":1,"featured_media":0,"parent":0,"menu_order":0,"comment_status":"closed","ping_status":"closed","template":"","meta":[],"acf":[],"_links":{"self":[{"href":"https:\/\/hotellife.clienti4.editatest.com\/de\/wp-json\/wp\/v2\/pages\/24664\/"}],"collection":[{"href":"https:\/\/hotellife.clienti4.editatest.com\/de\/wp-json\/wp\/v2\/pages\/"}],"about":[{"href":"https:\/\/hotellife.clienti4.editatest.com\/de\/wp-json\/wp\/v2\/types\/page\/"}],"author":[{"embeddable":true,"href":"https:\/\/hotellife.clienti4.editatest.com\/de\/wp-json\/wp\/v2\/users\/1\/"}],"replies":[{"embeddable":true,"href":"https:\/\/hotellife.clienti4.editatest.com\/de\/wp-json\/wp\/v2\/comments\/?post=24664"}],"version-history":[{"count":0,"href":"https:\/\/hotellife.clienti4.editatest.com\/de\/wp-json\/wp\/v2\/pages\/24664\/revisions\/"}],"wp:attachment":[{"href":"https:\/\/hotellife.clienti4.editatest.com\/de\/wp-json\/wp\/v2\/media\/?parent=24664"}],"curies":[{"name":"wp","href":"https:\/\/api.w.org\/{rel}","templated":true}]}}