{"id":10308,"date":"2020-05-18T08:03:46","date_gmt":"2020-05-18T06:03:46","guid":{"rendered":"https:\/\/hotellife.clienti4.editatest.com\/estate-sicuri\/"},"modified":"2022-04-20T09:20:28","modified_gmt":"2022-04-20T07:20:28","slug":"sicherer-sommer","status":"publish","type":"page","link":"https:\/\/hotellife.clienti4.editatest.com\/de\/sicherer-sommer\/","title":{"rendered":"#Sicherer Sommer im Life Hotel!"},"content":{"rendered":"<h2>Urlaub in Harmonie<\/h2>\n<p>Wir halten uns st\u00e4ndig \u00fcber die neuen Protokolle auf dem Laufenden. <strong>Aus diesem Grund finden Sie einige Neuigkeiten.<\/strong><\/p>\n<p>Hier finden Sie einige n\u00fctzliche Informationen, damit Sie Ihren Urlaub im Hotel Life wie immer in Ruhe verbringen k\u00f6nnen.<\/p>\n<hr \/>\n<div style=\"background-image: initial; background-attachment: initial; background-color: #fff; border-radius: 8px; background-position: initial initial; border: 3px solid #b4a38a; padding: 5px 2% 5px 2%;\">\n<p><img loading=\"lazy\" class=\"alignleft wp-image-8732\" style=\"float: left; margin: 11px 12px;\" src=\"https:\/\/hotellife.clienti4.editatest.com\/wp-content\/uploads\/2020\/05\/ok.png\" alt=\"\" width=\"40\" height=\"40\" data-big-size=\"70x70\" \/><span style=\"font-size: 18px;\"><br \/>\n<strong><span style=\"color: #b4a38a;\">Buchungsbedingungen<\/span><\/strong><\/span><\/p>\n<p>wir haben uns entschlossen, unsere buchungsbedingungen zu \u00e4ndern, um sie in diesem moment zu treffen.<\/p>\n<ul>\n<li>Die <strong>Stornierung ist immer bis zu 7 Tage vor Anreise kostenlos<\/strong> &#8211; au\u00dfer vom 7. bis 22. August 2021, in dem 14 Tage betr\u00e4gt<\/li>\n<li><strong>Sie k\u00f6nnen die Anzahlung<\/strong> zu einem Zeitpunkt nach der Buchung innerhalb eines Monats ab dem Datum der Ankunft per<strong> Kreditkarte oder \u00dcberweisung bezahlen.<\/strong><\/li>\n<\/ul>\n<\/div>\n<hr \/>\n<div style=\"background-image: initial; background-attachment: initial; background-color: #fff; border-radius: 8px; background-position: initial initial; border: 3px solid #b4a38a; padding: 5px 2% 5px 2%;\">\n<p><img loading=\"lazy\" class=\"alignleft wp-image-8732\" style=\"float: left; margin: 11px 12px;\" src=\"https:\/\/hotellife.clienti4.editatest.com\/wp-content\/uploads\/2020\/05\/smile.png\" alt=\"\" width=\"40\" height=\"40\" data-big-size=\"70x70\" \/><span style=\"font-size: 18px;\"><br \/>\n<strong><span style=\"color: #b4a38a;\">Serenit\u00e4t in den raumen<\/span><\/strong><\/span><\/p>\n<p>Wir versichern Ihnen auch, dass das Zimmer nach jeder Abreise gereinigt und mit Produkten auf Alkoholbasis behandelt wird.<br \/>\nDie Vorh\u00e4nge, Matratzen und Kissen werden mit speziellen Ger\u00e4ten f\u00fcr ultraviolette Strahlen gereinigt.<\/p>\n<\/div>\n<hr \/>\n<div style=\"background-image: initial; background-attachment: initial; background-color: #fff; border-radius: 8px; background-position: initial initial; border: 3px solid #b4a38a; padding: 5px 2% 5px 2%;\">\n<p><img loading=\"lazy\" class=\"alignleft wp-image-8732\" style=\"float: left; margin: 11px 12px;\" src=\"https:\/\/hotellife.clienti4.editatest.com\/wp-content\/uploads\/2020\/05\/s-pool-2.png\" alt=\"\" width=\"40\" height=\"40\" data-big-size=\"70x70\" \/><span style=\"font-size: 18px;\"><br \/>\n<strong><span style=\"color: #b4a38a;\">Schwimmbad<\/span><\/strong><\/span><\/p>\n<p>Ist zu den \u00fcblichen zeiten ge\u00f6ffnet. Die Liegen werden jeden Abend beim Schlie\u00dfen desinfiziert und desinfiziert<\/p>\n<\/div>\n","protected":false},"excerpt":{"rendered":"<p>Urlaub in Harmonie Wir halten uns st\u00e4ndig \u00fcber die neuen Protokolle auf dem Laufenden. Aus diesem Grund finden Sie einige Neuigkeiten. Hier finden Sie einige n\u00fctzliche Informationen, damit Sie Ihren Urlaub im Hotel Life wie immer in Ruhe verbringen k\u00f6nnen. Buchungsbedingungen wir haben uns entschlossen, unsere buchungsbedingungen zu \u00e4ndern, um sie in diesem moment zu treffen. Die Stornierung ist immer bis zu 7 Tage vor Anreise kostenlos &#8211; au\u00dfer vom &#8230;<\/p>\n","protected":false},"author":1,"featured_media":0,"parent":0,"menu_order":0,"comment_status":"closed","ping_status":"closed","template":"","meta":[],"acf":[],"_links":{"self":[{"href":"https:\/\/hotellife.clienti4.editatest.com\/de\/wp-json\/wp\/v2\/pages\/10308\/"}],"collection":[{"href":"https:\/\/hotellife.clienti4.editatest.com\/de\/wp-json\/wp\/v2\/pages\/"}],"about":[{"href":"https:\/\/hotellife.clienti4.editatest.com\/de\/wp-json\/wp\/v2\/types\/page\/"}],"author":[{"embeddable":true,"href":"https:\/\/hotellife.clienti4.editatest.com\/de\/wp-json\/wp\/v2\/users\/1\/"}],"replies":[{"embeddable":true,"href":"https:\/\/hotellife.clienti4.editatest.com\/de\/wp-json\/wp\/v2\/comments\/?post=10308"}],"version-history":[{"count":0,"href":"https:\/\/hotellife.clienti4.editatest.com\/de\/wp-json\/wp\/v2\/pages\/10308\/revisions\/"}],"wp:attachment":[{"href":"https:\/\/hotellife.clienti4.editatest.com\/de\/wp-json\/wp\/v2\/media\/?parent=10308"}],"curies":[{"name":"wp","href":"https:\/\/api.w.org\/{rel}","templated":true}]}}